{"id":415,"date":"2025-10-25T05:28:20","date_gmt":"2025-10-25T02:28:20","guid":{"rendered":"https:\/\/plugins.lieska.net\/?page_id=415"},"modified":"2025-10-25T05:36:17","modified_gmt":"2025-10-25T02:36:17","slug":"toimitusehdot","status":"publish","type":"page","link":"https:\/\/plugins.lieska.net\/fi\/toimitusehdot\/","title":{"rendered":"Toimitusehdot"},"content":{"rendered":"\n<p><strong>Lieska-Tuotanto Oy<\/strong>&nbsp;(Y-tunnus: FI23078855) yll\u00e4pit\u00e4\u00e4 verkkokauppaa, joka myy tuotteita yrityksille ja yksityishenkil\u00f6ille Suomessa ja ulkomailla. Pid\u00e4t\u00e4mme oikeuden muuttaa toimitusehtoja sek\u00e4 hintoja milloin tahansa. Kaikki hinnat sis\u00e4lt\u00e4v\u00e4t arvonlis\u00e4veron.<\/p>\n\n\n\n<h3 class=\"wp-block-heading\">Yhteystiedot<\/h3>\n\n\n\n<p><strong>S\u00e4hk\u00f6posti:<\/strong>&nbsp;<a>plugins@lieska.net<\/a><br><strong>Puhelin:<\/strong>&nbsp;+358 456 319 136<br><strong>Osoite:<\/strong>&nbsp;Torholanrinne 10, 03150 Huhmari, Suomi<\/p>\n\n\n\n<hr class=\"wp-block-separator has-alpha-channel-opacity\"\/>\n\n\n\n<h3 class=\"wp-block-heading\">Tilaaminen<\/h3>\n\n\n\n<p>Tilaukset tehd\u00e4\u00e4n verkkokaupassa lis\u00e4\u00e4m\u00e4ll\u00e4 tuotteet ostoskoriin. Tilaus vahvistetaan maksamalla ostoskoriin lis\u00e4tyt tuotteet verkkokaupan kassatoiminnossa. Vahvistamalla tilauksen hyv\u00e4ksyt n\u00e4m\u00e4 toimitusehdot sek\u00e4 tuotteiden hinnat ja mahdolliset toimituskulut.<br>Jos ilmoitat s\u00e4hk\u00f6postiosoitteesi tilauksen yhteydess\u00e4, saat s\u00e4hk\u00f6postitse tilausvahvistuksen, joka sis\u00e4lt\u00e4\u00e4 tiedot tilatuista tuotteista ja hintalaskelman.<\/p>\n\n\n\n<hr class=\"wp-block-separator has-alpha-channel-opacity\"\/>\n\n\n\n<h3 class=\"wp-block-heading\">Maksaminen<\/h3>\n\n\n\n<p>Verkkokaupan maksunv\u00e4litt\u00e4j\u00e4n\u00e4 toimii&nbsp;<strong>Visma Pay<\/strong>&nbsp;(Visma Payments Oy, Y-tunnus: FI24865594), joka on Finanssivalvonnan valvonnassa toimiva maksulaitos. Maksaminen tapahtuu turvallisesti Visma Payn maksupalvelussa, ja kaikki tiedonsiirto tapahtuu suojatun yhteyden kautta.<\/p>\n\n\n\n<p>Visma Pay tai Visma Payments Oy n\u00e4kyy maksun saajana tiliotteella ja laskulla.<br>Kauppa syntyy verkkokaupan ja asiakkaan v\u00e4lille. Verkkokauppa vastaa kauppaan liittyvist\u00e4 velvoitteista ja tuotteiden toimituksesta.<\/p>\n\n\n\n<p>Lis\u00e4tietoa:&nbsp;<a href=\"https:\/\/www.vismapay.fi\/\">https:\/\/www.vismapay.fi\/<\/a><\/p>\n\n\n\n<hr class=\"wp-block-separator has-alpha-channel-opacity\"\/>\n\n\n\n<h3 class=\"wp-block-heading\">Maksutavat<\/h3>\n\n\n\n<p>Visma Payn kautta voit maksaa tilauksesi verkkopankissa, mobiililompakolla, maksukortilla (luotto\/debit), laskulla tai osamaksulla. Tuetut maksutavat ovat:<br>Osuuspankki, Nordea, Danske Bank, Oma S\u00e4\u00e4st\u00f6pankki, S\u00e4\u00e4st\u00f6pankki, Aktia, Paikallisosuuspankit, S-Pankki, \u00c5landsbanken, MobilePay, Apple Pay, Google Pay, Siirto sek\u00e4 Visa-, Visa Debit-, Visa Electron-, MasterCard- ja Debit MasterCard -kortit.<\/p>\n\n\n\n<p><strong>MobilePay:<\/strong><br>Voit maksaa MobilePay-sovelluksella, jos olet sallinut verkkomaksut sovelluksen asetuksissa. Maksu veloitetaan suoraan MobilePay-tiliin liitetyst\u00e4 maksukortista. Jos veloitus ei onnistu, MobilePay-maksua ei voi k\u00e4ytt\u00e4\u00e4 verkkokaupassa.<\/p>\n\n\n\n<p><strong>OP Lasku:<\/strong><br>Joustava laskulla maksamisen tapa, joka on k\u00e4ytett\u00e4viss\u00e4 kaikkien suomalaisten pankkien asiakkaille. Sopii enint\u00e4\u00e4n 5000 \u20ac verkko-ostoksiin ja tarjoaa 45 p\u00e4iv\u00e4n korottoman maksuajan. Osamaksumahdollisuus lis\u00e4\u00e4 joustavuutta. Ostokset n\u00e4kyv\u00e4t yhdess\u00e4 paikassa, mik\u00e4 helpottaa seurantaa. Lasku toimitetaan s\u00e4hk\u00f6postitse.<br>OP Laskun k\u00e4ytt\u00f6 edellytt\u00e4\u00e4 20 vuoden ik\u00e4\u00e4 ja maksukyky\u00e4.<br>Lis\u00e4tietoa:&nbsp;<a href=\"https:\/\/www.op.fi\/henkiloasiakkaat\/paivittaiset\/maksaminen\/op-lasku\">https:\/\/www.op.fi\/henkiloasiakkaat\/paivittaiset\/maksaminen\/op-lasku<\/a><\/p>\n\n\n\n<hr class=\"wp-block-separator has-alpha-channel-opacity\"\/>\n\n\n\n<h3 class=\"wp-block-heading\">Visma Payn yhteystiedot<\/h3>\n\n\n\n<p><strong>Visma Payments Oy<\/strong>&nbsp;(Y-tunnus: FI24865594)<br><strong>S\u00e4hk\u00f6posti:<\/strong>&nbsp;<a>helpdesk@vismapay.com<\/a><br><strong>Puhelin:<\/strong>&nbsp;+358 9 315 42 037 (arkisin klo 9\u201316)<br><strong>Osoite:<\/strong>&nbsp;Brahenkatu 4, 53100 Lappeenranta, Suomi<\/p>\n\n\n\n<hr class=\"wp-block-separator has-alpha-channel-opacity\"\/>\n\n\n\n<h3 class=\"wp-block-heading\">Toimitus<\/h3>\n\n\n\n<p>Tuotteet ovat ladattavia digitaalisia tuotteita ja ne ovat ladattavissa heti maksun suorittamisen j\u00e4lkeen.<\/p>\n\n\n\n<hr class=\"wp-block-separator has-alpha-channel-opacity\"\/>\n\n\n\n<h3 class=\"wp-block-heading\">Peruutukset<\/h3>\n\n\n\n<p>Asiakkaalla on 5 p\u00e4iv\u00e4n kokeiluaika, jonka j\u00e4lkeen ostoa ei voi peruuttaa.<\/p>\n","protected":false},"excerpt":{"rendered":"<p>Lieska-Tuotanto Oy&nbsp;(Y-tunnus: FI23078855) yll\u00e4pit\u00e4\u00e4 verkkokauppaa, joka myy tuotteita yrityksille ja yksityishenkil\u00f6ille Suomessa ja ulkomailla. Pid\u00e4t\u00e4mme oikeuden muuttaa toimitusehtoja sek\u00e4 hintoja milloin tahansa. Kaikki hinnat sis\u00e4lt\u00e4v\u00e4t arvonlis\u00e4veron. Yhteystiedot S\u00e4hk\u00f6posti:&nbsp;plugins@lieska.netPuhelin:&nbsp;+358 456 319 136Osoite:&nbsp;Torholanrinne 10, 03150 Huhmari, Suomi Tilaaminen Tilaukset tehd\u00e4\u00e4n verkkokaupassa lis\u00e4\u00e4m\u00e4ll\u00e4 tuotteet ostoskoriin. Tilaus vahvistetaan maksamalla ostoskoriin lis\u00e4tyt tuotteet verkkokaupan kassatoiminnossa. Vahvistamalla tilauksen hyv\u00e4ksyt n\u00e4m\u00e4 toimitusehdot&#8230;<\/p>\n","protected":false},"author":2,"featured_media":0,"parent":0,"menu_order":0,"comment_status":"closed","ping_status":"closed","template":"","meta":{"_kad_blocks_custom_css":"","_kad_blocks_head_custom_js":"","_kad_blocks_body_custom_js":"","_kad_blocks_footer_custom_js":"","_kad_post_transparent":"","_kad_post_title":"","_kad_post_layout":"","_kad_post_sidebar_id":"","_kad_post_content_style":"","_kad_post_vertical_padding":"","_kad_post_feature":"","_kad_post_feature_position":"","_kad_post_header":false,"_kad_post_footer":false,"_kad_post_classname":"","footnotes":""},"class_list":["post-415","page","type-page","status-publish","hentry"],"taxonomy_info":[],"featured_image_src_large":false,"author_info":{"display_name":"katjalampela","author_link":"https:\/\/plugins.lieska.net\/fi\/author\/katjalampela\/"},"comment_info":0,"_links":{"self":[{"href":"https:\/\/plugins.lieska.net\/fi\/wp-json\/wp\/v2\/pages\/415","targetHints":{"allow":["GET"]}}],"collection":[{"href":"https:\/\/plugins.lieska.net\/fi\/wp-json\/wp\/v2\/pages"}],"about":[{"href":"https:\/\/plugins.lieska.net\/fi\/wp-json\/wp\/v2\/types\/page"}],"author":[{"embeddable":true,"href":"https:\/\/plugins.lieska.net\/fi\/wp-json\/wp\/v2\/users\/2"}],"replies":[{"embeddable":true,"href":"https:\/\/plugins.lieska.net\/fi\/wp-json\/wp\/v2\/comments?post=415"}],"version-history":[{"count":1,"href":"https:\/\/plugins.lieska.net\/fi\/wp-json\/wp\/v2\/pages\/415\/revisions"}],"predecessor-version":[{"id":416,"href":"https:\/\/plugins.lieska.net\/fi\/wp-json\/wp\/v2\/pages\/415\/revisions\/416"}],"wp:attachment":[{"href":"https:\/\/plugins.lieska.net\/fi\/wp-json\/wp\/v2\/media?parent=415"}],"curies":[{"name":"wp","href":"https:\/\/api.w.org\/{rel}","templated":true}]}}