{"id":550,"date":"2025-11-12T13:04:20","date_gmt":"2025-11-12T11:04:20","guid":{"rendered":"https:\/\/plugins.lieska.net\/?page_id=550"},"modified":"2025-12-28T10:18:44","modified_gmt":"2025-12-28T08:18:44","slug":"plugin-lisenssi","status":"publish","type":"page","link":"https:\/\/plugins.lieska.net\/fi\/plugin-lisenssi\/","title":{"rendered":"Plugin-lisenssi"},"content":{"rendered":"\n<h2 class=\"wp-block-heading\">Lisenssiehdot \u2014 kertaluonteinen osto (pysyv\u00e4 k\u00e4ytt\u00f6oikeus)<\/h2>\n\n\n\n<p>Lis\u00e4osa on lisensoitu pysyv\u00e4ll\u00e4, ei-siirrett\u00e4v\u00e4ll\u00e4 lisenssill\u00e4, joka antaa sinulle oikeuden k\u00e4ytt\u00e4\u00e4 tuotetta rajoittamattoman ajan oston j\u00e4lkeen.<\/p>\n\n\n\n<p>Kertaluonteinen ostos sis\u00e4lt\u00e4\u00e4 kaikki ominaisuusp\u00e4ivitykset, tietoturvakorjaukset sek\u00e4 teknisen tuen niin kauan kuin tuote on Lieskan aktiivisesti tukema ja myynniss\u00e4.<\/p>\n\n\n\n<p>Kun tuotteen aktiivinen tuki p\u00e4\u00e4ttyy tai tuote virallisesti poistetaan k\u00e4yt\u00f6st\u00e4, uusia p\u00e4ivityksi\u00e4 tai yhteensopivuuskorjauksia ei en\u00e4\u00e4 tarjota. Sinulla s\u00e4ilyy kuitenkin t\u00e4ysi oikeus k\u00e4ytt\u00e4\u00e4 lis\u00e4osan viimeisint\u00e4 saatavilla olevaa versiota ilman aikarajaa seuraavin ehdoin:<\/p>\n\n\n\n<ol class=\"wp-block-list\">\n<li><strong>Sallittu k\u00e4ytt\u00f6:<\/strong>\u00a0Lis\u00e4osaa saa asentaa ja k\u00e4ytt\u00e4\u00e4 niill\u00e4 sivustoilla, jotka ostosi ehdot sallivat.<\/li>\n\n\n\n<li><strong>Ei siirtoa:<\/strong>\u00a0Lisenssi\u00e4 ei saa j\u00e4lleenmyyd\u00e4, alilisensoida tai siirt\u00e4\u00e4 toiselle osapuolelle ilman Lieskan etuk\u00e4teen antamaa kirjallista suostumusta.<\/li>\n\n\n\n<li><strong>Tukijakso:<\/strong>\u00a0Tekninen tuki on saatavilla vain ajanjaksona, jolloin tuote on aktiivisesti tuettu.<\/li>\n\n\n\n<li><strong>Tuen p\u00e4\u00e4ttyminen:<\/strong>\u00a0\u201dAktiivisesti tuettu\u201d tarkoittaa, ett\u00e4 lis\u00e4osa saa yll\u00e4pitop\u00e4ivityksi\u00e4 ja on saatavilla myyntiin virallisten Lieska-kanavien kautta.<\/li>\n\n\n\n<li><strong>Ei takuuta pysyvist\u00e4 p\u00e4ivityksist\u00e4:<\/strong>\u00a0Vaikka k\u00e4ytt\u00f6oikeus on pysyv\u00e4, Lieska ei takaa jatkuvia p\u00e4ivityksi\u00e4 tai tukea tuotteen aktiivisen elinkaaren p\u00e4\u00e4tytty\u00e4.<\/li>\n\n\n\n<li><strong>Tuotteen lopettaminen:<\/strong>\u00a0Lieska voi oman harkintansa mukaan lopettaa tuotteen tai korvata sen uudella versiolla. K\u00e4ytt\u00e4jill\u00e4 s\u00e4ilyy kuitenkin pysyv\u00e4 k\u00e4ytt\u00f6oikeus viimeisimp\u00e4\u00e4n tuettuun versioon, joka on julkaistu ennen tuotteen lopettamista.<\/li>\n<\/ol>\n\n\n\n<p><\/p>\n","protected":false},"excerpt":{"rendered":"<p>Lisenssiehdot \u2014 kertaluonteinen osto (pysyv\u00e4 k\u00e4ytt\u00f6oikeus) Lis\u00e4osa on lisensoitu pysyv\u00e4ll\u00e4, ei-siirrett\u00e4v\u00e4ll\u00e4 lisenssill\u00e4, joka antaa sinulle oikeuden k\u00e4ytt\u00e4\u00e4 tuotetta rajoittamattoman ajan oston j\u00e4lkeen. Kertaluonteinen ostos sis\u00e4lt\u00e4\u00e4 kaikki ominaisuusp\u00e4ivitykset, tietoturvakorjaukset sek\u00e4 teknisen tuen niin kauan kuin tuote on Lieskan aktiivisesti tukema ja myynniss\u00e4. Kun tuotteen aktiivinen tuki p\u00e4\u00e4ttyy tai tuote virallisesti poistetaan k\u00e4yt\u00f6st\u00e4, uusia p\u00e4ivityksi\u00e4 tai yhteensopivuuskorjauksia&#8230;<\/p>\n","protected":false},"author":2,"featured_media":0,"parent":0,"menu_order":0,"comment_status":"closed","ping_status":"closed","template":"","meta":{"_kad_blocks_custom_css":"","_kad_blocks_head_custom_js":"","_kad_blocks_body_custom_js":"","_kad_blocks_footer_custom_js":"","_kad_post_transparent":"","_kad_post_title":"","_kad_post_layout":"","_kad_post_sidebar_id":"","_kad_post_content_style":"","_kad_post_vertical_padding":"","_kad_post_feature":"","_kad_post_feature_position":"","_kad_post_header":false,"_kad_post_footer":false,"_kad_post_classname":"","footnotes":""},"class_list":["post-550","page","type-page","status-publish","hentry"],"taxonomy_info":[],"featured_image_src_large":false,"author_info":{"display_name":"katjalampela","author_link":"https:\/\/plugins.lieska.net\/fi\/author\/katjalampela\/"},"comment_info":0,"_links":{"self":[{"href":"https:\/\/plugins.lieska.net\/fi\/wp-json\/wp\/v2\/pages\/550","targetHints":{"allow":["GET"]}}],"collection":[{"href":"https:\/\/plugins.lieska.net\/fi\/wp-json\/wp\/v2\/pages"}],"about":[{"href":"https:\/\/plugins.lieska.net\/fi\/wp-json\/wp\/v2\/types\/page"}],"author":[{"embeddable":true,"href":"https:\/\/plugins.lieska.net\/fi\/wp-json\/wp\/v2\/users\/2"}],"replies":[{"embeddable":true,"href":"https:\/\/plugins.lieska.net\/fi\/wp-json\/wp\/v2\/comments?post=550"}],"version-history":[{"count":2,"href":"https:\/\/plugins.lieska.net\/fi\/wp-json\/wp\/v2\/pages\/550\/revisions"}],"predecessor-version":[{"id":552,"href":"https:\/\/plugins.lieska.net\/fi\/wp-json\/wp\/v2\/pages\/550\/revisions\/552"}],"wp:attachment":[{"href":"https:\/\/plugins.lieska.net\/fi\/wp-json\/wp\/v2\/media?parent=550"}],"curies":[{"name":"wp","href":"https:\/\/api.w.org\/{rel}","templated":true}]}}