{"id":169,"date":"2025-10-07T15:38:39","date_gmt":"2025-10-07T12:38:39","guid":{"rendered":"https:\/\/plugins.lieska.net\/?post_type=product&#038;p=169"},"modified":"2026-02-10T06:12:12","modified_gmt":"2026-02-10T04:12:12","slug":"duplicate-media-plugin","status":"publish","type":"product","link":"https:\/\/plugins.lieska.net\/fi\/tuote\/duplicate-media-plugin\/","title":{"rendered":"Duplicate Media (Kopioi media) WordPress-plugin"},"content":{"rendered":"<p data-start=\"184\" data-end=\"242\"><strong data-start=\"184\" data-end=\"240\">Kopioi kuvat helposti WordPressin Media-kirjastossa.<\/strong><\/p>\n<p data-start=\"244\" data-end=\"531\">Duplicate Media lis\u00e4\u00e4 Media-kirjaston rivitoimintoihin k\u00e4tev\u00e4n <strong data-start=\"307\" data-end=\"320\">Duplicate<\/strong>-painikkeen, jolla voit monistaa mink\u00e4 tahansa liitetiedoston (esim. kuvan) uuteen tiedostoon ja liitteeseen. ALT-teksti ja metatiedot s\u00e4ilyv\u00e4t, ja tiedosto kopioidaan automaattisesti oikeaan uploads-kansioon.<\/p>\n<h3 data-start=\"533\" data-end=\"549\">Ominaisuudet<\/h3>\n<ul data-start=\"550\" data-end=\"870\">\n<li data-start=\"550\" data-end=\"605\">\n<p data-start=\"552\" data-end=\"605\">\u201cDuplicate\u201d-toiminto Media-kirjaston listan\u00e4kym\u00e4ss\u00e4<\/p>\n<\/li>\n<li data-start=\"606\" data-end=\"662\">\n<p data-start=\"608\" data-end=\"662\">Fyysisen tiedoston ja liitteen t\u00e4ydellinen kopiointi<\/p>\n<\/li>\n<li data-start=\"663\" data-end=\"710\">\n<p data-start=\"665\" data-end=\"710\">S\u00e4ilytt\u00e4\u00e4 ALT-tekstin ja liitteen metadatan<\/p>\n<\/li>\n<li data-start=\"711\" data-end=\"761\">\n<p data-start=\"713\" data-end=\"761\">Ei asetuksia \u2013 toimii heti aktivoinnin j\u00e4lkeen<\/p>\n<\/li>\n<li data-start=\"762\" data-end=\"810\">\n<p data-start=\"764\" data-end=\"810\">Turvallinen: k\u00e4ytt\u00f6oikeus ja nonce-tarkistus<\/p>\n<\/li>\n<li data-start=\"811\" data-end=\"870\">\n<p data-start=\"813\" data-end=\"870\"><strong data-start=\"813\" data-end=\"834\">Lifetime-lisenssi<\/strong> \u2013 kertamaksu, pysyv\u00e4t p\u00e4ivitykset<\/p>\n<\/li>\n<\/ul>\n<p data-start=\"872\" data-end=\"967\">\ud83d\udc49 <strong data-start=\"875\" data-end=\"967\">Helppo ja nopea tapa kopioida kuvia ilman manuaalista latausta tai uudelleenliitt\u00e4mist\u00e4.<\/strong><\/p>\n","protected":false},"excerpt":{"rendered":"<p>Kopioi kuvat sekunneissa Media-kirjastosta. Duplicate Media luo uuden liitteen ja tiedoston automaattisesti \u2013 ALT-tekstit ja metat s\u00e4ilyv\u00e4t.<br data-start=\"1895\" data-end=\"1898\" \/><strong data-start=\"1898\" data-end=\"1937\">Lifetime-lisenssi, ei vuosimaksuja.<\/strong><\/p>\n","protected":false},"featured_media":483,"comment_status":"open","ping_status":"closed","template":"","meta":{"_kad_blocks_custom_css":"","_kad_blocks_head_custom_js":"","_kad_blocks_body_custom_js":"","_kad_blocks_footer_custom_js":"","_kad_post_transparent":"default","_kad_post_title":"","_kad_post_layout":"default","_kad_post_sidebar_id":"","_kad_post_content_style":"default","_kad_post_vertical_padding":"default","_kad_post_feature":"","_kad_post_feature_position":"","_kad_post_header":false,"_kad_post_footer":false,"_kad_post_classname":""},"product_brand":[],"product_cat":[27],"product_tag":[],"class_list":{"0":"post-169","1":"product","2":"type-product","3":"status-publish","4":"has-post-thumbnail","6":"product_cat-uncategorized-fi","8":"first","9":"instock","10":"downloadable","11":"virtual","12":"taxable","13":"purchasable","14":"product-type-simple","15":"entry","16":"content-bg","17":"loop-entry"},"taxonomy_info":{"product_cat":[{"value":27,"label":"WordPress-pluginit @fi"}]},"featured_image_src_large":["https:\/\/plugins.lieska.net\/wp-content\/uploads\/2025\/10\/ChatGPT-Image-29.-marrask.-2025-klo-13.24.03.png",1024,1024,false],"author_info":[],"comment_info":0,"_links":{"self":[{"href":"https:\/\/plugins.lieska.net\/fi\/wp-json\/wp\/v2\/product\/169","targetHints":{"allow":["GET"]}}],"collection":[{"href":"https:\/\/plugins.lieska.net\/fi\/wp-json\/wp\/v2\/product"}],"about":[{"href":"https:\/\/plugins.lieska.net\/fi\/wp-json\/wp\/v2\/types\/product"}],"replies":[{"embeddable":true,"href":"https:\/\/plugins.lieska.net\/fi\/wp-json\/wp\/v2\/comments?post=169"}],"wp:featuredmedia":[{"embeddable":true,"href":"https:\/\/plugins.lieska.net\/fi\/wp-json\/wp\/v2\/media\/483"}],"wp:attachment":[{"href":"https:\/\/plugins.lieska.net\/fi\/wp-json\/wp\/v2\/media?parent=169"}],"wp:term":[{"taxonomy":"product_brand","embeddable":true,"href":"https:\/\/plugins.lieska.net\/fi\/wp-json\/wp\/v2\/product_brand?post=169"},{"taxonomy":"product_cat","embeddable":true,"href":"https:\/\/plugins.lieska.net\/fi\/wp-json\/wp\/v2\/product_cat?post=169"},{"taxonomy":"product_tag","embeddable":true,"href":"https:\/\/plugins.lieska.net\/fi\/wp-json\/wp\/v2\/product_tag?post=169"}],"curies":[{"name":"wp","href":"https:\/\/api.w.org\/{rel}","templated":true}]}}