{"id":320,"date":"2025-10-12T15:58:42","date_gmt":"2025-10-12T12:58:42","guid":{"rendered":"https:\/\/plugins.lieska.net\/?post_type=product&#038;p=320"},"modified":"2026-02-10T06:12:12","modified_gmt":"2026-02-10T04:12:12","slug":"simple-cookie-banner","status":"publish","type":"product","link":"https:\/\/plugins.lieska.net\/fi\/tuote\/simple-cookie-banner\/","title":{"rendered":"Simppeli ev\u00e4stebanneri &#8211; Lieska Cookie Banner"},"content":{"rendered":"<p data-start=\"3231\" data-end=\"3472\"><strong data-start=\"3231\" data-end=\"3255\">Cookie Banner (WPML)<\/strong> tarjoaa selke\u00e4n ja minimaalisen ev\u00e4steilmoituksen WordPress-sivustoille, jotka k\u00e4ytt\u00e4v\u00e4t vain v\u00e4ltt\u00e4m\u00e4tt\u00f6mi\u00e4 ev\u00e4steit\u00e4 (esim. kirjautumiseen).<br data-start=\"3398\" data-end=\"3401\" \/>Banneri ei l\u00e4het\u00e4 dataa ulos, ei est\u00e4 skriptej\u00e4 eik\u00e4 luo ev\u00e4steluokkia.<\/p>\n<h3 data-start=\"3474\" data-end=\"3490\">Ominaisuudet<\/h3>\n<ul data-start=\"3491\" data-end=\"3887\">\n<li data-start=\"3491\" data-end=\"3559\">\n<p data-start=\"3493\" data-end=\"3559\">\u2714 <strong data-start=\"3495\" data-end=\"3522\">Informatiivinen banneri<\/strong> (vain v\u00e4ltt\u00e4m\u00e4tt\u00f6mille ev\u00e4steille)<\/p>\n<\/li>\n<li data-start=\"3560\" data-end=\"3628\">\n<p data-start=\"3562\" data-end=\"3628\">\u2714 <strong data-start=\"3564\" data-end=\"3577\">WPML-tuki<\/strong> \u2014 kaikki tekstit k\u00e4\u00e4nnett\u00e4viss\u00e4 kielikohtaisesti<\/p>\n<\/li>\n<li data-start=\"3629\" data-end=\"3707\">\n<p data-start=\"3631\" data-end=\"3707\">\u2714 <strong data-start=\"3633\" data-end=\"3667\">Saavutettava tietosuojamodaali<\/strong> (iframe, n\u00e4pp\u00e4imist\u00f6tuki, focus-trap)<\/p>\n<\/li>\n<li data-start=\"3708\" data-end=\"3751\">\n<p data-start=\"3710\" data-end=\"3751\">\u2714 <strong data-start=\"3712\" data-end=\"3749\">Valinnainen uudelleenavauspainike<\/strong><\/p>\n<\/li>\n<li data-start=\"3752\" data-end=\"3800\">\n<p data-start=\"3754\" data-end=\"3800\">\u2714 <strong data-start=\"3756\" data-end=\"3798\">Mukautettavat v\u00e4rit, tekstit ja leveys<\/strong><\/p>\n<\/li>\n<li data-start=\"3801\" data-end=\"3840\">\n<p data-start=\"3803\" data-end=\"3840\">\u2714 <strong data-start=\"3805\" data-end=\"3838\">Tukee HTML-sis\u00e4lt\u00f6\u00e4 viestiss\u00e4<\/strong><\/p>\n<\/li>\n<li data-start=\"3841\" data-end=\"3887\">\n<p data-start=\"3843\" data-end=\"3887\">\u2714 <strong data-start=\"3845\" data-end=\"3885\">Ei ulkoisia pyynt\u00f6j\u00e4, eritt\u00e4in kevyt<\/strong><\/p>\n<\/li>\n<\/ul>\n<p data-start=\"3889\" data-end=\"3907\">Sopii erityisesti:<\/p>\n<ul data-start=\"3908\" data-end=\"4125\">\n<li data-start=\"3908\" data-end=\"3967\">\n<p data-start=\"3910\" data-end=\"3967\">Sivuille, jotka k\u00e4ytt\u00e4v\u00e4t vain v\u00e4ltt\u00e4m\u00e4tt\u00f6mi\u00e4 ev\u00e4steit\u00e4<\/p>\n<\/li>\n<li data-start=\"3968\" data-end=\"4027\">\n<p data-start=\"3970\" data-end=\"4027\">Koko Analytics -tyyppisille anonyymeille analytiikoille<\/p>\n<\/li>\n<li data-start=\"4028\" data-end=\"4058\">\n<p data-start=\"4030\" data-end=\"4058\">Monikielisille sivustoille<\/p>\n<\/li>\n<li data-start=\"4059\" data-end=\"4125\">\n<p data-start=\"4061\" data-end=\"4125\">Organisaatioille, jotka haluavat tietosuojayst\u00e4v\u00e4llisen bannerin<\/p>\n<\/li>\n<\/ul>\n","protected":false},"excerpt":{"rendered":"<p><strong data-start=\"2865\" data-end=\"2889\">Cookie Banner (WPML)<\/strong> on kevyt ja tietosuojayst\u00e4v\u00e4llinen ev\u00e4stebanneri sivustoille, jotka k\u00e4ytt\u00e4v\u00e4t vain v\u00e4ltt\u00e4m\u00e4tt\u00f6mi\u00e4 ev\u00e4steit\u00e4. Ei kategoriavalintoja, ei suostumuslogiikkaa \u2014 vain informatiivinen ilmoitus ja \u201dOK\u201d-painike. T\u00e4ysin WPML-k\u00e4\u00e4nnett\u00e4v\u00e4 ja sis\u00e4lt\u00e4\u00e4 saavutettavan tietosuojamodaalin sek\u00e4 uudelleenavauspainikkeen.<\/p>\n","protected":false},"featured_media":477,"comment_status":"open","ping_status":"closed","template":"","meta":{"_kad_blocks_custom_css":"","_kad_blocks_head_custom_js":"","_kad_blocks_body_custom_js":"","_kad_blocks_footer_custom_js":"","_kad_post_transparent":"default","_kad_post_title":"","_kad_post_layout":"default","_kad_post_sidebar_id":"","_kad_post_content_style":"default","_kad_post_vertical_padding":"default","_kad_post_feature":"","_kad_post_feature_position":"","_kad_post_header":false,"_kad_post_footer":false,"_kad_post_classname":""},"product_brand":[],"product_cat":[27],"product_tag":[],"class_list":{"0":"post-320","1":"product","2":"type-product","3":"status-publish","4":"has-post-thumbnail","6":"product_cat-uncategorized-fi","8":"first","9":"instock","10":"downloadable","11":"virtual","12":"taxable","13":"purchasable","14":"product-type-simple","15":"entry","16":"content-bg","17":"loop-entry"},"taxonomy_info":{"product_cat":[{"value":27,"label":"WordPress-pluginit @fi"}]},"featured_image_src_large":["https:\/\/plugins.lieska.net\/wp-content\/uploads\/2025\/10\/ChatGPT-Image-29.-marrask.-2025-klo-13.27.40.png",1024,1024,false],"author_info":[],"comment_info":0,"_links":{"self":[{"href":"https:\/\/plugins.lieska.net\/fi\/wp-json\/wp\/v2\/product\/320","targetHints":{"allow":["GET"]}}],"collection":[{"href":"https:\/\/plugins.lieska.net\/fi\/wp-json\/wp\/v2\/product"}],"about":[{"href":"https:\/\/plugins.lieska.net\/fi\/wp-json\/wp\/v2\/types\/product"}],"replies":[{"embeddable":true,"href":"https:\/\/plugins.lieska.net\/fi\/wp-json\/wp\/v2\/comments?post=320"}],"wp:featuredmedia":[{"embeddable":true,"href":"https:\/\/plugins.lieska.net\/fi\/wp-json\/wp\/v2\/media\/477"}],"wp:attachment":[{"href":"https:\/\/plugins.lieska.net\/fi\/wp-json\/wp\/v2\/media?parent=320"}],"wp:term":[{"taxonomy":"product_brand","embeddable":true,"href":"https:\/\/plugins.lieska.net\/fi\/wp-json\/wp\/v2\/product_brand?post=320"},{"taxonomy":"product_cat","embeddable":true,"href":"https:\/\/plugins.lieska.net\/fi\/wp-json\/wp\/v2\/product_cat?post=320"},{"taxonomy":"product_tag","embeddable":true,"href":"https:\/\/plugins.lieska.net\/fi\/wp-json\/wp\/v2\/product_tag?post=320"}],"curies":[{"name":"wp","href":"https:\/\/api.w.org\/{rel}","templated":true}]}}