{"id":454,"date":"2025-11-29T07:16:28","date_gmt":"2025-11-29T05:16:28","guid":{"rendered":"https:\/\/plugins.lieska.net\/?post_type=product&#038;p=454"},"modified":"2026-02-10T06:12:12","modified_gmt":"2026-02-10T04:12:12","slug":"ajastettu-sisalto-scheduled-content","status":"publish","type":"product","link":"https:\/\/plugins.lieska.net\/fi\/tuote\/ajastettu-sisalto-scheduled-content\/","title":{"rendered":"Ajastettu sis\u00e4lt\u00f6 &#8211; Scheduled Content"},"content":{"rendered":"<h2 data-start=\"1000\" data-end=\"1058\">\ud83c\udfaf Ajasta ja julkaise sis\u00e4lt\u00f6si juuri oikealla hetkell\u00e4<\/h2>\n<p data-start=\"1060\" data-end=\"1305\"><strong data-start=\"1060\" data-end=\"1081\">Scheduled Content<\/strong> tarjoaa monipuoliset ty\u00f6kalut ajastettujen sis\u00e4lt\u00f6jen n\u00e4ytt\u00e4miseen tyylikk\u00e4in\u00e4 modaaliponnahduksina. Luo sis\u00e4lt\u00f6 Gutenbergill\u00e4 kuten tavallisesti, m\u00e4\u00e4rit\u00e4 p\u00e4iv\u00e4m\u00e4\u00e4r\u00e4 ja halutessasi toistuva aikataulu \u2014 lis\u00e4osa hoitaa loput.<\/p>\n<p data-start=\"1307\" data-end=\"1322\">K\u00e4ytt\u00f6kohteita:<\/p>\n<ul data-start=\"1324\" data-end=\"1536\">\n<li data-start=\"1324\" data-end=\"1343\">\n<p data-start=\"1326\" data-end=\"1343\">Joulukalenterit<\/p>\n<\/li>\n<li data-start=\"1344\" data-end=\"1380\">\n<p data-start=\"1346\" data-end=\"1380\">Tarjous- ja kampanjaponnahdukset<\/p>\n<\/li>\n<li data-start=\"1381\" data-end=\"1419\">\n<p data-start=\"1383\" data-end=\"1419\">P\u00e4iv\u00e4haasteet ja kurssimateriaalit<\/p>\n<\/li>\n<li data-start=\"1420\" data-end=\"1465\">\n<p data-start=\"1422\" data-end=\"1465\">Viikottaiset tai kuukausittaiset sis\u00e4ll\u00f6t<\/p>\n<\/li>\n<li data-start=\"1466\" data-end=\"1502\">\n<p data-start=\"1468\" data-end=\"1502\">Ajastetut viestit ja ilmoitukset<\/p>\n<\/li>\n<li data-start=\"1503\" data-end=\"1536\">\n<p data-start=\"1505\" data-end=\"1536\">Gamifioidut sis\u00e4lt\u00f6kalenterit<\/p>\n<\/li>\n<\/ul>\n<p data-start=\"1538\" data-end=\"1620\">Ei koodia, ei monimutkaisia asetuksia \u2014 kaikki toimii suoraan WordPressin sis\u00e4ll\u00e4.<\/p>\n<hr data-start=\"1622\" data-end=\"1625\" \/>\n<h2 data-start=\"1627\" data-end=\"1664\">\ud83d\uddd3\ufe0f Tarkka aikataulutus ja toistot<\/h2>\n<p data-start=\"1666\" data-end=\"1699\">Jokainen sis\u00e4lt\u00f6 voidaan n\u00e4ytt\u00e4\u00e4:<\/p>\n<ul data-start=\"1701\" data-end=\"1967\">\n<li data-start=\"1701\" data-end=\"1736\">\n<p data-start=\"1703\" data-end=\"1736\"><strong data-start=\"1703\" data-end=\"1721\">Yhten\u00e4 p\u00e4iv\u00e4n\u00e4<\/strong> (ei toistoa)<\/p>\n<\/li>\n<li data-start=\"1737\" data-end=\"1796\">\n<p data-start=\"1739\" data-end=\"1796\"><strong data-start=\"1739\" data-end=\"1753\">P\u00e4ivitt\u00e4in<\/strong> (kerran p\u00e4iv\u00e4ss\u00e4 aloitusp\u00e4iv\u00e4st\u00e4 alkaen)<\/p>\n<\/li>\n<li data-start=\"1797\" data-end=\"1844\">\n<p data-start=\"1799\" data-end=\"1844\"><strong data-start=\"1799\" data-end=\"1814\">Viikoittain<\/strong> (saman viikonp\u00e4iv\u00e4n mukaan)<\/p>\n<\/li>\n<li data-start=\"1845\" data-end=\"1926\">\n<p data-start=\"1847\" data-end=\"1926\"><strong data-start=\"1847\" data-end=\"1864\">Kuukausittain<\/strong> (sama p\u00e4iv\u00e4 \u2014 k\u00e4sittelee hienosti 29.\u201331. p\u00e4iv\u00e4n kuukaudet)<\/p>\n<\/li>\n<li data-start=\"1927\" data-end=\"1967\">\n<p data-start=\"1929\" data-end=\"1967\"><strong data-start=\"1929\" data-end=\"1943\">Vuosittain<\/strong> (sama kuukausi-p\u00e4iv\u00e4)<\/p>\n<\/li>\n<\/ul>\n<p data-start=\"1969\" data-end=\"2046\">Toistot perustuvat oikeaan kalenterilogiikkaan, eiv\u00e4t teknisiin kiertoteihin.<\/p>\n<hr data-start=\"2048\" data-end=\"2051\" \/>\n<h2 data-start=\"2053\" data-end=\"2099\">\ud83e\ude9f Auto-open-modaaalit juuri oikeaan aikaan<\/h2>\n<p data-start=\"2101\" data-end=\"2146\">Sis\u00e4ll\u00f6t voivat avautua automaattisesti, kun:<\/p>\n<ul data-start=\"2148\" data-end=\"2247\">\n<li data-start=\"2148\" data-end=\"2183\">\n<p data-start=\"2150\" data-end=\"2183\">P\u00e4iv\u00e4m\u00e4\u00e4r\u00e4\/toistoperiodi t\u00e4sm\u00e4\u00e4<\/p>\n<\/li>\n<li data-start=\"2184\" data-end=\"2247\">\n<p data-start=\"2186\" data-end=\"2247\">K\u00e4ytt\u00e4j\u00e4 ei ole jo n\u00e4hnyt ponnahdusta kyseisell\u00e4 periodilla<\/p>\n<\/li>\n<\/ul>\n<p data-start=\"2249\" data-end=\"2285\">T\u00e4m\u00e4 toimii loistavasti esimerkiksi:<\/p>\n<ul data-start=\"2287\" data-end=\"2401\">\n<li data-start=\"2287\" data-end=\"2324\">\n<p data-start=\"2289\" data-end=\"2324\">P\u00e4ivitt\u00e4isiss\u00e4 joulukalentereissa<\/p>\n<\/li>\n<li data-start=\"2325\" data-end=\"2367\">\n<p data-start=\"2327\" data-end=\"2367\">Kurssien \u201cp\u00e4iv\u00e4n teht\u00e4v\u00e4\u201d -sis\u00e4ll\u00f6iss\u00e4<\/p>\n<\/li>\n<li data-start=\"2368\" data-end=\"2401\">\n<p data-start=\"2370\" data-end=\"2401\">Kampanjoissa ja ilmoituksissa<\/p>\n<\/li>\n<\/ul>\n<p data-start=\"2403\" data-end=\"2484\">Ja mik\u00e4 parasta \u2014 k\u00e4ytt\u00e4j\u00e4 ei n\u00e4e samaa modaalia uudelleen saman periodin aikana.<\/p>\n<hr data-start=\"2486\" data-end=\"2489\" \/>\n<h2 data-start=\"2491\" data-end=\"2556\">\ud83e\udde0 Hybridiseuranta: toimii sek\u00e4 k\u00e4vij\u00f6ill\u00e4 ett\u00e4 kirjautuneilla<\/h2>\n<p data-start=\"2558\" data-end=\"2623\">Kuka on n\u00e4hnyt mit\u00e4kin? Scheduled Content seuraa sit\u00e4 puolestasi:<\/p>\n<ul data-start=\"2625\" data-end=\"2739\">\n<li data-start=\"2625\" data-end=\"2687\">\n<p data-start=\"2627\" data-end=\"2687\"><strong data-start=\"2627\" data-end=\"2654\">Kirjautuneet k\u00e4ytt\u00e4j\u00e4t:<\/strong> tieto tallennetaan user_metaan<\/p>\n<\/li>\n<li data-start=\"2688\" data-end=\"2739\">\n<p data-start=\"2690\" data-end=\"2739\"><strong data-start=\"2690\" data-end=\"2706\">Vierailijat:<\/strong> tieto tallennetaan ev\u00e4steeseen<\/p>\n<\/li>\n<\/ul>\n<p data-start=\"2741\" data-end=\"2800\">T\u00e4m\u00e4 varmistaa luotettavan kokemuksen kaikille k\u00e4ytt\u00e4jille.<\/p>\n<hr data-start=\"2802\" data-end=\"2805\" \/>\n<h2 data-start=\"2807\" data-end=\"2859\">\ud83d\uddc2\ufe0f Kategoriakohtaiset header- ja footer-sis\u00e4ll\u00f6t<\/h2>\n<p data-start=\"2861\" data-end=\"2924\">Osakohtaisuus kunniaan! Voit m\u00e4\u00e4ritt\u00e4\u00e4 jokaiselle kategorialle:<\/p>\n<ul data-start=\"2926\" data-end=\"2967\">\n<li data-start=\"2926\" data-end=\"2946\">\n<p data-start=\"2928\" data-end=\"2946\">Yl\u00e4osan (header)<\/p>\n<\/li>\n<li data-start=\"2947\" data-end=\"2967\">\n<p data-start=\"2949\" data-end=\"2967\">Alaosan (footer)<\/p>\n<\/li>\n<\/ul>\n<p data-start=\"2969\" data-end=\"3141\">Header &amp; footer n\u00e4kyv\u00e4t automaattisesti kaikissa kyseisen kategorian modaaleissa \u2014 t\u00e4ydellinen esimerkiksi ohjeille, CTA-kehotteille, br\u00e4ndityylille tai kampanjan ilmeelle.<\/p>\n<hr data-start=\"3143\" data-end=\"3146\" \/>\n<h2 data-start=\"3148\" data-end=\"3203\">\ud83d\udd22 Ruudukkon\u00e4kym\u00e4 (Grid) \u2014 t\u00e4ydellinen kalentereihin<\/h2>\n<p data-start=\"3205\" data-end=\"3251\">Voit n\u00e4ytt\u00e4\u00e4 sis\u00e4lt\u00f6si tyylikk\u00e4\u00e4n\u00e4 ruudukkona:<\/p>\n<ul data-start=\"3253\" data-end=\"3502\">\n<li data-start=\"3253\" data-end=\"3311\">\n<p data-start=\"3255\" data-end=\"3311\">M\u00e4\u00e4ritett\u00e4v\u00e4t sarakkeet, v\u00e4listykset ja korttien m\u00e4\u00e4r\u00e4<\/p>\n<\/li>\n<li data-start=\"3312\" data-end=\"3350\">\n<p data-start=\"3314\" data-end=\"3350\">Placeholdereita tuleville p\u00e4iville<\/p>\n<\/li>\n<li data-start=\"3351\" data-end=\"3403\">\n<p data-start=\"3353\" data-end=\"3403\">Automaattisesti avautuvat modaalit klikkauksesta<\/p>\n<\/li>\n<li data-start=\"3404\" data-end=\"3472\">\n<p data-start=\"3406\" data-end=\"3472\">Mukautettava otsikko-overlay (v\u00e4ri, koko, tausta, tag, sijainti)<\/p>\n<\/li>\n<li data-start=\"3473\" data-end=\"3502\">\n<p data-start=\"3475\" data-end=\"3502\">Kuvapaikat ja esikatselut<\/p>\n<\/li>\n<\/ul>\n<p data-start=\"3504\" data-end=\"3549\">T\u00e4ydellinen advent- ja kampanjakalentereihin.<\/p>\n<hr data-start=\"3551\" data-end=\"3554\" \/>\n<h2 data-start=\"3556\" data-end=\"3596\">\ud83d\udce4 Vie ja tuo sis\u00e4lt\u00f6j\u00e4 JSON-muodossa<\/h2>\n<p data-start=\"3598\" data-end=\"3649\">Luo sis\u00e4lt\u00f6 kerran \u2014 k\u00e4yt\u00e4 uudelleen miss\u00e4 tahansa.<\/p>\n<ul data-start=\"3651\" data-end=\"3871\">\n<li data-start=\"3651\" data-end=\"3701\">\n<p data-start=\"3653\" data-end=\"3701\">Vie kategoriakohtainen sis\u00e4lt\u00f6 JSON-tiedostona<\/p>\n<\/li>\n<li data-start=\"3702\" data-end=\"3749\">\n<p data-start=\"3704\" data-end=\"3749\">Sis\u00e4lt\u00e4\u00e4 my\u00f6s feature-kuvat base64-muodossa<\/p>\n<\/li>\n<li data-start=\"3750\" data-end=\"3810\">\n<p data-start=\"3752\" data-end=\"3810\">Tuo sis\u00e4lt\u00f6 toiselle sivulle yhdell\u00e4 napinpainalluksella<\/p>\n<\/li>\n<li data-start=\"3811\" data-end=\"3871\">\n<p data-start=\"3813\" data-end=\"3871\">Plugin luo kategoriat ja kuvat automaattisesti uudelleen<\/p>\n<\/li>\n<\/ul>\n<p data-start=\"3873\" data-end=\"3929\">T\u00e4ydellinen vuosittaisiin kalentereihin ja kampanjoihin.<\/p>\n<hr data-start=\"3931\" data-end=\"3934\" \/>\n<h2 data-start=\"3936\" data-end=\"3988\">\ud83d\udd27 Tehokas ja kehitt\u00e4j\u00e4yst\u00e4v\u00e4llinen arkkitehtuuri<\/h2>\n<ul data-start=\"3990\" data-end=\"4229\">\n<li data-start=\"3990\" data-end=\"4031\">\n<p data-start=\"3992\" data-end=\"4031\">Custom Post Type: <code data-start=\"4010\" data-end=\"4029\">scheduled_content<\/code><\/p>\n<\/li>\n<li data-start=\"4032\" data-end=\"4066\">\n<p data-start=\"4034\" data-end=\"4066\">Custom taxonomy: <code data-start=\"4051\" data-end=\"4064\">sc_category<\/code><\/p>\n<\/li>\n<li data-start=\"4067\" data-end=\"4099\">\n<p data-start=\"4069\" data-end=\"4099\">Selke\u00e4t shortcode-rajapinnat<\/p>\n<\/li>\n<li data-start=\"4100\" data-end=\"4137\">\n<p data-start=\"4102\" data-end=\"4137\">Kattava tuki Gutenberg-sis\u00e4ll\u00f6lle<\/p>\n<\/li>\n<li data-start=\"4138\" data-end=\"4173\">\n<p data-start=\"4140\" data-end=\"4173\">Yhteensopiva v\u00e4limuistin kanssa<\/p>\n<\/li>\n<li data-start=\"4174\" data-end=\"4229\">\n<p data-start=\"4176\" data-end=\"4229\">T\u00e4ysin k\u00e4\u00e4nnett\u00e4v\u00e4 (text domain: scheduled-content)<\/p>\n<\/li>\n<\/ul>\n<hr data-start=\"4231\" data-end=\"4234\" \/>\n<h2 data-start=\"4236\" data-end=\"4275\">\ud83d\udd10 Kertaostos ilman jatkuvia maksuja<\/h2>\n<p data-start=\"4277\" data-end=\"4295\">Lisenssi sis\u00e4lt\u00e4\u00e4:<\/p>\n<ul data-start=\"4297\" data-end=\"4442\">\n<li data-start=\"4297\" data-end=\"4327\">\n<p data-start=\"4299\" data-end=\"4327\">Elinik\u00e4isen k\u00e4ytt\u00f6oikeuden<\/p>\n<\/li>\n<li data-start=\"4328\" data-end=\"4394\">\n<p data-start=\"4330\" data-end=\"4394\">P\u00e4ivitykset niin pitk\u00e4\u00e4n kuin pluginia aktiivisesti kehitet\u00e4\u00e4n<\/p>\n<\/li>\n<li data-start=\"4395\" data-end=\"4442\">\n<p data-start=\"4397\" data-end=\"4442\">Tuen lis\u00e4osan aktiivisen kehityskaaren ajan<\/p>\n<\/li>\n<\/ul>\n<p data-start=\"4444\" data-end=\"4503\">Ei vuosittaisia maksuja \u2014 kertamaksu ja selke\u00e4 hinnoittelu.<\/p>\n<hr data-start=\"4505\" data-end=\"4508\" \/>\n<h2 data-start=\"4510\" data-end=\"4560\">\u2714\ufe0f T\u00e4rkeimm\u00e4t ominaisuudet yhdell\u00e4 silm\u00e4yksell\u00e4<\/h2>\n<ul data-start=\"4562\" data-end=\"4892\">\n<li data-start=\"4562\" data-end=\"4605\">\n<p data-start=\"4564\" data-end=\"4605\">P\u00e4iv\u00e4m\u00e4\u00e4r\u00e4- ja toistopohjaiset modaalit<\/p>\n<\/li>\n<li data-start=\"4606\" data-end=\"4628\">\n<p data-start=\"4608\" data-end=\"4628\">Auto-open logiikka<\/p>\n<\/li>\n<li data-start=\"4629\" data-end=\"4675\">\n<p data-start=\"4631\" data-end=\"4675\">P\u00e4iv\u00e4-, viikko-, kuukausi- ja vuositoistot<\/p>\n<\/li>\n<li data-start=\"4676\" data-end=\"4695\">\n<p data-start=\"4678\" data-end=\"4695\">Hybridiseuranta<\/p>\n<\/li>\n<li data-start=\"4696\" data-end=\"4721\">\n<p data-start=\"4698\" data-end=\"4721\">Ruudukkon\u00e4kym\u00e4 (grid)<\/p>\n<\/li>\n<li data-start=\"4722\" data-end=\"4766\">\n<p data-start=\"4724\" data-end=\"4766\">Kategorioittaiset header\/footer-sis\u00e4ll\u00f6t<\/p>\n<\/li>\n<li data-start=\"4767\" data-end=\"4802\">\n<p data-start=\"4769\" data-end=\"4802\">Otsikko-overlay &amp; v\u00e4riasetukset<\/p>\n<\/li>\n<li data-start=\"4803\" data-end=\"4837\">\n<p data-start=\"4805\" data-end=\"4837\">Vie\/tuo toiminnallisuus (JSON)<\/p>\n<\/li>\n<li data-start=\"4838\" data-end=\"4856\">\n<p data-start=\"4840\" data-end=\"4856\">Gutenberg-tuki<\/p>\n<\/li>\n<li data-start=\"4857\" data-end=\"4892\">\n<p data-start=\"4859\" data-end=\"4892\">Helppo yll\u00e4pito ja k\u00e4ytt\u00f6\u00f6notto<\/p>\n<\/li>\n<\/ul>\n<hr data-start=\"4894\" data-end=\"4897\" \/>\n<h2 data-start=\"4899\" data-end=\"4924\">\ud83d\ude80 Kenelle t\u00e4m\u00e4 sopii?<\/h2>\n<ul data-start=\"4926\" data-end=\"5117\">\n<li data-start=\"4926\" data-end=\"4942\">\n<p data-start=\"4928\" data-end=\"4942\">Markkinoijat<\/p>\n<\/li>\n<li data-start=\"4943\" data-end=\"4959\">\n<p data-start=\"4945\" data-end=\"4959\">Verkkokaupat<\/p>\n<\/li>\n<li data-start=\"4960\" data-end=\"4995\">\n<p data-start=\"4962\" data-end=\"4995\">Kouluttajat ja kurssintuottajat<\/p>\n<\/li>\n<li data-start=\"4996\" data-end=\"5032\">\n<p data-start=\"4998\" data-end=\"5032\">Yhteis\u00f6t ja tapahtumaj\u00e4rjest\u00e4j\u00e4t<\/p>\n<\/li>\n<li data-start=\"5033\" data-end=\"5054\">\n<p data-start=\"5035\" data-end=\"5054\">Sis\u00e4ll\u00f6ntuottajat<\/p>\n<\/li>\n<li data-start=\"5055\" data-end=\"5117\">\n<p data-start=\"5057\" data-end=\"5117\">Kuka tahansa, joka haluaa ajoitettua sis\u00e4lt\u00f6\u00e4 sivustolleen<\/p>\n<\/li>\n<\/ul>\n","protected":false},"excerpt":{"rendered":"<p data-start=\"344\" data-end=\"802\"><strong data-start=\"344\" data-end=\"365\">Scheduled Content<\/strong> on tehokas WordPress-lis\u00e4osa, jonka avulla voit n\u00e4ytt\u00e4\u00e4 Gutenberg-sis\u00e4lt\u00f6\u00e4 modaalisissa ponnahdusikkunoissa t\u00e4sm\u00e4lleen valittuna p\u00e4iv\u00e4n\u00e4 \u2014 ilman kellonaikoja. Voit m\u00e4\u00e4ritt\u00e4\u00e4 toistuvia avauksia (p\u00e4ivitt\u00e4in, viikoittain, kuukausittain, vuosittain), luoda ruudukkon\u00e4kymi\u00e4 (esim. joulukalenterit), lis\u00e4t\u00e4 otsikkooverlayt, m\u00e4\u00e4ritt\u00e4\u00e4 kategoriakohtaiset header\/footer-sis\u00e4ll\u00f6t sek\u00e4 tuoda\/vied\u00e4 kokonaisia sis\u00e4lt\u00f6kokonaisuuksia JSON-muodossa.<\/p>\n<p data-start=\"804\" data-end=\"943\">T\u00e4ydellinen ratkaisu <strong data-start=\"825\" data-end=\"942\">joulukalentereihin, kampanjoihin, p\u00e4iv\u00e4haasteisiin, koulutussis\u00e4lt\u00f6ihin, ilmoituksiin ja ajastettuihin viesteihin<\/strong>.<\/p>\n","protected":false},"featured_media":482,"comment_status":"open","ping_status":"closed","template":"","meta":{"_kad_blocks_custom_css":"","_kad_blocks_head_custom_js":"","_kad_blocks_body_custom_js":"","_kad_blocks_footer_custom_js":"","_kad_post_transparent":"default","_kad_post_title":"","_kad_post_layout":"default","_kad_post_sidebar_id":"","_kad_post_content_style":"default","_kad_post_vertical_padding":"default","_kad_post_feature":"","_kad_post_feature_position":"","_kad_post_header":false,"_kad_post_footer":false,"_kad_post_classname":""},"product_brand":[],"product_cat":[27],"product_tag":[],"class_list":{"0":"post-454","1":"product","2":"type-product","3":"status-publish","4":"has-post-thumbnail","6":"product_cat-uncategorized-fi","8":"first","9":"instock","10":"downloadable","11":"virtual","12":"taxable","13":"purchasable","14":"product-type-simple","15":"entry","16":"content-bg","17":"loop-entry"},"taxonomy_info":{"product_cat":[{"value":27,"label":"WordPress-pluginit @fi"}]},"featured_image_src_large":["https:\/\/plugins.lieska.net\/wp-content\/uploads\/2025\/11\/ChatGPT-Image-29.-marrask.-2025-klo-13.31.29.png",1024,1024,false],"author_info":[],"comment_info":0,"_links":{"self":[{"href":"https:\/\/plugins.lieska.net\/fi\/wp-json\/wp\/v2\/product\/454","targetHints":{"allow":["GET"]}}],"collection":[{"href":"https:\/\/plugins.lieska.net\/fi\/wp-json\/wp\/v2\/product"}],"about":[{"href":"https:\/\/plugins.lieska.net\/fi\/wp-json\/wp\/v2\/types\/product"}],"replies":[{"embeddable":true,"href":"https:\/\/plugins.lieska.net\/fi\/wp-json\/wp\/v2\/comments?post=454"}],"wp:featuredmedia":[{"embeddable":true,"href":"https:\/\/plugins.lieska.net\/fi\/wp-json\/wp\/v2\/media\/482"}],"wp:attachment":[{"href":"https:\/\/plugins.lieska.net\/fi\/wp-json\/wp\/v2\/media?parent=454"}],"wp:term":[{"taxonomy":"product_brand","embeddable":true,"href":"https:\/\/plugins.lieska.net\/fi\/wp-json\/wp\/v2\/product_brand?post=454"},{"taxonomy":"product_cat","embeddable":true,"href":"https:\/\/plugins.lieska.net\/fi\/wp-json\/wp\/v2\/product_cat?post=454"},{"taxonomy":"product_tag","embeddable":true,"href":"https:\/\/plugins.lieska.net\/fi\/wp-json\/wp\/v2\/product_tag?post=454"}],"curies":[{"name":"wp","href":"https:\/\/api.w.org\/{rel}","templated":true}]}}