{"id":458,"date":"2025-11-29T07:52:17","date_gmt":"2025-11-29T05:52:17","guid":{"rendered":"https:\/\/plugins.lieska.net\/?post_type=product&#038;p=458"},"modified":"2026-02-10T06:12:12","modified_gmt":"2026-02-10T04:12:12","slug":"artikkelikaruselli-post-carousel","status":"publish","type":"product","link":"https:\/\/plugins.lieska.net\/fi\/tuote\/artikkelikaruselli-post-carousel\/","title":{"rendered":"Artikkelikaruselli &#8211; Post Carousel"},"content":{"rendered":"<h2 data-start=\"813\" data-end=\"835\"><strong data-start=\"816\" data-end=\"833\">Post Carousel<\/strong><\/h2>\n<p data-start=\"836\" data-end=\"915\">Viimeistelty ja t\u00e4ysin muokattava <strong data-start=\"870\" data-end=\"892\">artikkelikaruselli<\/strong> WordPress-sivustoille.<\/p>\n<p data-start=\"917\" data-end=\"1230\">Post Carousel tarjoaa joustavan ja visuaalisesti huolitellun tavan n\u00e4ytt\u00e4\u00e4 artikkelit modernissa artikkelikarusellissa. Se hy\u00f6dynt\u00e4\u00e4 taksonomioiden v\u00e4rim\u00e4\u00e4rittelyj\u00e4, tarjoaa tarkan kuvan ja tekstin asettelun, kattavat desktop\u2013 ja mobiilitypografiat, dynaamisen korkeuss\u00e4\u00e4d\u00f6n sek\u00e4 tarkat term-badgen sijoittelut.<\/p>\n<p data-start=\"1232\" data-end=\"1380\">Artikkelikaruselli sopii blogeihin, verkkolehtiin, uutisiin, portfolioihin ja kaikille sivustoille, joilla halutaan tuoda sis\u00e4lt\u00f6 esiin n\u00e4ytt\u00e4v\u00e4sti.<\/p>\n<hr data-start=\"1382\" data-end=\"1385\" \/>\n<h2 data-start=\"1387\" data-end=\"1416\"><strong data-start=\"1390\" data-end=\"1416\">Keskeiset ominaisuudet<\/strong><\/h2>\n<h3 data-start=\"1418\" data-end=\"1455\"><strong data-start=\"1422\" data-end=\"1455\">\ud83c\udfa8 Termiv\u00e4rit automaattisesti<\/strong><\/h3>\n<p data-start=\"1456\" data-end=\"1558\">Voit m\u00e4\u00e4ritt\u00e4\u00e4 mille tahansa kategoriatermille omat v\u00e4rit. Karuselli k\u00e4ytt\u00e4\u00e4 v\u00e4rej\u00e4 automaattisesti:<\/p>\n<ul data-start=\"1559\" data-end=\"1674\">\n<li data-start=\"1559\" data-end=\"1573\">\n<p data-start=\"1561\" data-end=\"1573\">Taustav\u00e4ri<\/p>\n<\/li>\n<li data-start=\"1574\" data-end=\"1590\">\n<p data-start=\"1576\" data-end=\"1590\">Tekstin v\u00e4ri<\/p>\n<\/li>\n<li data-start=\"1591\" data-end=\"1605\">\n<p data-start=\"1593\" data-end=\"1605\">Term-badge<\/p>\n<\/li>\n<li data-start=\"1606\" data-end=\"1674\">\n<p data-start=\"1608\" data-end=\"1674\">Dynaamiset ulkoasut, jotka istuvat saumattomasti sivuston br\u00e4ndiin<\/p>\n<\/li>\n<\/ul>\n<hr data-start=\"1676\" data-end=\"1679\" \/>\n<h3 data-start=\"1681\" data-end=\"1709\"><strong data-start=\"1685\" data-end=\"1709\">\ud83d\uddbc Joustava asettelu<\/strong><\/h3>\n<p data-start=\"1710\" data-end=\"1749\">Muokkaa ulkoasua yksityiskohtaisesti:<\/p>\n<ul data-start=\"1750\" data-end=\"1928\">\n<li data-start=\"1750\" data-end=\"1782\">\n<p data-start=\"1752\" data-end=\"1782\">Kuva vasemmalla tai oikealla<\/p>\n<\/li>\n<li data-start=\"1783\" data-end=\"1818\">\n<p data-start=\"1785\" data-end=\"1818\">Kuvan leveysprosentti (20\u201380 %)<\/p>\n<\/li>\n<li data-start=\"1819\" data-end=\"1858\">\n<p data-start=\"1821\" data-end=\"1858\">Desktop- ja mobiilikorkeus erikseen<\/p>\n<\/li>\n<li data-start=\"1859\" data-end=\"1886\">\n<p data-start=\"1861\" data-end=\"1886\">Sis\u00e4lt\u00f6alueen scrollaus<\/p>\n<\/li>\n<li data-start=\"1887\" data-end=\"1928\">\n<p data-start=\"1889\" data-end=\"1928\">CSS-grid-tekniikka moderniin asetteluun<\/p>\n<\/li>\n<\/ul>\n<hr data-start=\"1930\" data-end=\"1933\" \/>\n<h3 data-start=\"1935\" data-end=\"1962\"><strong data-start=\"1939\" data-end=\"1962\">\ud83d\udcf1 Mobiilioptimoitu<\/strong><\/h3>\n<p data-start=\"1963\" data-end=\"1993\">M\u00e4\u00e4rit\u00e4 mobiilissa erikseen:<\/p>\n<ul data-start=\"1994\" data-end=\"2122\">\n<li data-start=\"1994\" data-end=\"2041\">\n<p data-start=\"1996\" data-end=\"2041\">Fonttikoot (otsikko, meta, ingressi, badge)<\/p>\n<\/li>\n<li data-start=\"2042\" data-end=\"2059\">\n<p data-start=\"2044\" data-end=\"2059\">Badge-padding<\/p>\n<\/li>\n<li data-start=\"2060\" data-end=\"2089\">\n<p data-start=\"2062\" data-end=\"2089\">Mobiilin karusellikorkeus<\/p>\n<\/li>\n<li data-start=\"2090\" data-end=\"2122\">\n<p data-start=\"2092\" data-end=\"2122\">Mobiilibr\u00e4kk\u00e4ri (esim. 640 px)<\/p>\n<\/li>\n<\/ul>\n<hr data-start=\"2124\" data-end=\"2127\" \/>\n<h3 data-start=\"2129\" data-end=\"2160\"><strong data-start=\"2133\" data-end=\"2160\">\ud83c\udff7 Tarkat badge-insetit<\/strong><\/h3>\n<p data-start=\"2161\" data-end=\"2213\">Sijoita term-badge t\u00e4sm\u00e4lleen haluamaasi paikkaan:<\/p>\n<ul data-start=\"2214\" data-end=\"2360\">\n<li data-start=\"2214\" data-end=\"2245\">\n<p data-start=\"2216\" data-end=\"2245\">top \/ right \/ bottom \/ left<\/p>\n<\/li>\n<li data-start=\"2246\" data-end=\"2285\">\n<p data-start=\"2248\" data-end=\"2285\">Mukautettu padding ja border-radius<\/p>\n<\/li>\n<li data-start=\"2286\" data-end=\"2321\">\n<p data-start=\"2288\" data-end=\"2321\">Oletus: tyylik\u00e4s vasen-alakulma<\/p>\n<\/li>\n<li data-start=\"2322\" data-end=\"2360\">\n<p data-start=\"2324\" data-end=\"2360\">T\u00e4ydellinen br\u00e4nd\u00e4yksen hienos\u00e4\u00e4t\u00f6\u00f6n<\/p>\n<\/li>\n<\/ul>\n<hr data-start=\"2362\" data-end=\"2365\" \/>\n<h3 data-start=\"2367\" data-end=\"2402\"><strong data-start=\"2371\" data-end=\"2402\">\ud83c\udf9a Toiminnallisuusasetukset<\/strong><\/h3>\n<ul data-start=\"2403\" data-end=\"2567\">\n<li data-start=\"2403\" data-end=\"2429\">\n<p data-start=\"2405\" data-end=\"2429\">Autoplay (p\u00e4\u00e4lle\/pois)<\/p>\n<\/li>\n<li data-start=\"2430\" data-end=\"2455\">\n<p data-start=\"2432\" data-end=\"2455\">S\u00e4\u00e4dett\u00e4v\u00e4 vaihtov\u00e4li<\/p>\n<\/li>\n<li data-start=\"2456\" data-end=\"2470\">\n<p data-start=\"2458\" data-end=\"2470\">Nuolinapit<\/p>\n<\/li>\n<li data-start=\"2471\" data-end=\"2491\">\n<p data-start=\"2473\" data-end=\"2491\">Piste-navigaatio<\/p>\n<\/li>\n<li data-start=\"2492\" data-end=\"2529\">\n<p data-start=\"2494\" data-end=\"2529\">Ensimm\u00e4inen artikkeli aktiivisena<\/p>\n<\/li>\n<li data-start=\"2530\" data-end=\"2567\">\n<p data-start=\"2532\" data-end=\"2567\">Valinnainen debug-tila kehitt\u00e4jille<\/p>\n<\/li>\n<\/ul>\n<hr data-start=\"2569\" data-end=\"2572\" \/>\n<h3 data-start=\"2574\" data-end=\"2606\"><strong data-start=\"2578\" data-end=\"2606\">\ud83e\udde9 Gutenberg-lohko (SSR)<\/strong><\/h3>\n<p data-start=\"2607\" data-end=\"2683\">Mukana <strong data-start=\"2614\" data-end=\"2631\">Post Carousel<\/strong> -lohko, joka k\u00e4ytt\u00e4\u00e4 palvelinpuolen render\u00f6inti\u00e4:<\/p>\n<ul data-start=\"2684\" data-end=\"2811\">\n<li data-start=\"2684\" data-end=\"2750\">\n<p data-start=\"2686\" data-end=\"2750\">Editorissa n\u00e4kyv\u00e4 esikatselu vastaa t\u00e4ydellisesti lopputulosta<\/p>\n<\/li>\n<li data-start=\"2751\" data-end=\"2811\">\n<p data-start=\"2753\" data-end=\"2811\">Kaikki shortcoden parametrit saatavilla lohkon asetuksissa<\/p>\n<\/li>\n<\/ul>\n<hr data-start=\"2813\" data-end=\"2816\" \/>\n<h3 data-start=\"2818\" data-end=\"2867\"><strong data-start=\"2822\" data-end=\"2867\">\ud83d\udd10 Kertamaksu + automaattiset p\u00e4ivitykset<\/strong><\/h3>\n<p data-start=\"2868\" data-end=\"2960\">Lisenssiavaimen sy\u00f6tt\u00e4misen j\u00e4lkeen saat p\u00e4ivitykset suoraan WordPressin lis\u00e4osahallinnasta.<\/p>\n<hr data-start=\"2962\" data-end=\"2965\" \/>\n<h2 data-start=\"2967\" data-end=\"2983\"><strong data-start=\"2970\" data-end=\"2983\">Shortcode<\/strong><\/h2>\n<div class=\"contain-inline-size rounded-2xl relative bg-token-sidebar-surface-primary\">\n<div class=\"sticky top-9\">\n<div class=\"absolute end-0 bottom-0 flex h-9 items-center pe-2\">\n<div class=\"bg-token-bg-elevated-secondary text-token-text-secondary flex items-center gap-4 rounded-sm px-2 font-sans text-xs\"><\/div>\n<\/div>\n<\/div>\n<div class=\"overflow-y-auto p-4\" dir=\"ltr\"><code class=\"whitespace-pre!\">[<span class=\"hljs-meta\">lieska_post_carousel total=<span class=\"hljs-string\">\"4\"<\/span><\/span> post_type=<span class=\"hljs-string\">\"post\"<\/span> ...]<br \/>\n<\/code><\/div>\n<\/div>\n<p data-start=\"3048\" data-end=\"3113\">T\u00e4ydellinen parametrilista l\u00f6ytyy mukana olevasta k\u00e4ytt\u00f6ohjeesta.<\/p>\n<hr data-start=\"3115\" data-end=\"3118\" \/>\n<h2 data-start=\"3120\" data-end=\"3144\"><strong data-start=\"3123\" data-end=\"3144\">Sopii erityisesti<\/strong><\/h2>\n<ul data-start=\"3146\" data-end=\"3340\">\n<li data-start=\"3146\" data-end=\"3156\">\n<p data-start=\"3148\" data-end=\"3156\">Blogit<\/p>\n<\/li>\n<li data-start=\"3157\" data-end=\"3173\">\n<p data-start=\"3159\" data-end=\"3173\">Verkkolehdet<\/p>\n<\/li>\n<li data-start=\"3174\" data-end=\"3188\">\n<p data-start=\"3176\" data-end=\"3188\">Uutissivut<\/p>\n<\/li>\n<li data-start=\"3189\" data-end=\"3203\">\n<p data-start=\"3191\" data-end=\"3203\">Portfoliot<\/p>\n<\/li>\n<li data-start=\"3204\" data-end=\"3229\">\n<p data-start=\"3206\" data-end=\"3229\">Teemakohtaiset nostot<\/p>\n<\/li>\n<li data-start=\"3230\" data-end=\"3258\">\n<p data-start=\"3232\" data-end=\"3258\">Etusivun artikkelinostot<\/p>\n<\/li>\n<li data-start=\"3259\" data-end=\"3340\">\n<p data-start=\"3261\" data-end=\"3340\">Kaikki sivustot, jotka haluavat visuaalisesti viimeistellyn artikkelikarusellin<\/p>\n<\/li>\n<\/ul>\n<hr data-start=\"3342\" data-end=\"3345\" \/>\n<h2 data-start=\"3347\" data-end=\"3369\"><strong data-start=\"3350\" data-end=\"3369\">Paketin sis\u00e4lt\u00f6<\/strong><\/h2>\n<p data-start=\"3371\" data-end=\"3558\">\u2714 Post Carousel -lis\u00e4osa<br data-start=\"3395\" data-end=\"3398\" \/>\u2714 Gutenberg-lohko<br data-start=\"3415\" data-end=\"3418\" \/>\u2714 Shortcode<br data-start=\"3429\" data-end=\"3432\" \/>\u2714 Termiv\u00e4rien hallinta<br data-start=\"3454\" data-end=\"3457\" \/>\u2714 Automaattiset p\u00e4ivitykset lisenssill\u00e4<br data-start=\"3496\" data-end=\"3499\" \/>\u2714 Asennus- ja k\u00e4ytt\u00f6ohje<br data-start=\"3523\" data-end=\"3526\" \/>\u2714 Ei kuukausikuluja \u2013 kertamaksu<\/p>\n","protected":false},"excerpt":{"rendered":"<p data-start=\"403\" data-end=\"741\"><strong data-start=\"403\" data-end=\"489\">Luo tyylikk\u00e4it\u00e4 ja t\u00e4ysin muokattavia artikkelikaruselleja WordPress-sivustollesi.<\/strong><br data-start=\"489\" data-end=\"492\" \/>Post Carousel n\u00e4ytt\u00e4\u00e4 artikkelit modernina, responsiivisena karusellina: termiv\u00e4rit, otsikko + meta + ingressi, tarkat badge-insetit, autoplay, nuolinapit, pisteet sek\u00e4 kattavat mobiiliasetukset. Mukana Gutenberg-lohko palvelinpuolen render\u00f6innill\u00e4.<\/p>\n<hr data-start=\"743\" data-end=\"746\" \/>\n","protected":false},"featured_media":479,"comment_status":"open","ping_status":"closed","template":"","meta":{"_kad_blocks_custom_css":"","_kad_blocks_head_custom_js":"","_kad_blocks_body_custom_js":"","_kad_blocks_footer_custom_js":"","_kad_post_transparent":"default","_kad_post_title":"","_kad_post_layout":"default","_kad_post_sidebar_id":"","_kad_post_content_style":"default","_kad_post_vertical_padding":"default","_kad_post_feature":"","_kad_post_feature_position":"","_kad_post_header":false,"_kad_post_footer":false,"_kad_post_classname":""},"product_brand":[],"product_cat":[27],"product_tag":[],"class_list":{"0":"post-458","1":"product","2":"type-product","3":"status-publish","4":"has-post-thumbnail","6":"product_cat-uncategorized-fi","8":"first","9":"instock","10":"downloadable","11":"virtual","12":"taxable","13":"purchasable","14":"product-type-simple","15":"entry","16":"content-bg","17":"loop-entry"},"taxonomy_info":{"product_cat":[{"value":27,"label":"WordPress-pluginit @fi"}]},"featured_image_src_large":["https:\/\/plugins.lieska.net\/wp-content\/uploads\/2025\/11\/ChatGPT-Image-29.-marrask.-2025-klo-13.35.02.png",1024,1024,false],"author_info":[],"comment_info":0,"_links":{"self":[{"href":"https:\/\/plugins.lieska.net\/fi\/wp-json\/wp\/v2\/product\/458","targetHints":{"allow":["GET"]}}],"collection":[{"href":"https:\/\/plugins.lieska.net\/fi\/wp-json\/wp\/v2\/product"}],"about":[{"href":"https:\/\/plugins.lieska.net\/fi\/wp-json\/wp\/v2\/types\/product"}],"replies":[{"embeddable":true,"href":"https:\/\/plugins.lieska.net\/fi\/wp-json\/wp\/v2\/comments?post=458"}],"wp:featuredmedia":[{"embeddable":true,"href":"https:\/\/plugins.lieska.net\/fi\/wp-json\/wp\/v2\/media\/479"}],"wp:attachment":[{"href":"https:\/\/plugins.lieska.net\/fi\/wp-json\/wp\/v2\/media?parent=458"}],"wp:term":[{"taxonomy":"product_brand","embeddable":true,"href":"https:\/\/plugins.lieska.net\/fi\/wp-json\/wp\/v2\/product_brand?post=458"},{"taxonomy":"product_cat","embeddable":true,"href":"https:\/\/plugins.lieska.net\/fi\/wp-json\/wp\/v2\/product_cat?post=458"},{"taxonomy":"product_tag","embeddable":true,"href":"https:\/\/plugins.lieska.net\/fi\/wp-json\/wp\/v2\/product_tag?post=458"}],"curies":[{"name":"wp","href":"https:\/\/api.w.org\/{rel}","templated":true}]}}