{"id":464,"date":"2025-11-29T08:33:51","date_gmt":"2025-11-29T06:33:51","guid":{"rendered":"https:\/\/plugins.lieska.net\/?post_type=product&#038;p=464"},"modified":"2026-02-10T06:12:12","modified_gmt":"2026-02-10T04:12:12","slug":"artikkelikaruselli-post-carousel-copy","status":"publish","type":"product","link":"https:\/\/plugins.lieska.net\/fi\/tuote\/artikkelikaruselli-post-carousel-copy\/","title":{"rendered":"Sis\u00e4ll\u00f6n rajaus roolin\/IP:n perusteella &#8211; Role\/IP Restrict"},"content":{"rendered":"<h2 data-start=\"2981\" data-end=\"3011\"><strong data-start=\"2984\" data-end=\"3011\">Miksi Role\/IP Restrict?<\/strong><\/h2>\n<p data-start=\"3012\" data-end=\"3356\">Monilla WordPress-sivustoilla on tarve n\u00e4ytt\u00e4\u00e4 tietyt sis\u00e4ll\u00f6t vain rajatuille k\u00e4ytt\u00e4jille \u2014 ty\u00f6ntekij\u00f6ille, asiakkaille, kumppaneille, kirjautuneille k\u00e4ytt\u00e4jille tai vain tietyist\u00e4 IP-osoitteista tuleville vierailijoille. Role\/IP Restrict tarjoaa <strong data-start=\"3260\" data-end=\"3295\">t\u00e4sm\u00e4llisen n\u00e4kyvyydenhallinnan<\/strong> ilman raskaita j\u00e4senyyslis\u00e4osia tai monimutkaisia asetuksia.<\/p>\n<p data-start=\"3358\" data-end=\"3373\">Voit rajoittaa:<\/p>\n<ul data-start=\"3374\" data-end=\"3542\">\n<li data-start=\"3374\" data-end=\"3414\">\n<p data-start=\"3376\" data-end=\"3414\">Yksitt\u00e4isi\u00e4 <strong data-start=\"3388\" data-end=\"3414\">sivuja ja artikkeleita<\/strong><\/p>\n<\/li>\n<li data-start=\"3415\" data-end=\"3447\">\n<p data-start=\"3417\" data-end=\"3447\">Kokonaisia <strong data-start=\"3428\" data-end=\"3447\">sivusto-osioita<\/strong><\/p>\n<\/li>\n<li data-start=\"3448\" data-end=\"3499\">\n<p data-start=\"3450\" data-end=\"3499\">Mit\u00e4 tahansa <strong data-start=\"3463\" data-end=\"3499\">Gutenberg-lohkoeditorin sis\u00e4lt\u00f6\u00e4<\/strong><\/p>\n<\/li>\n<li data-start=\"3500\" data-end=\"3542\">\n<p data-start=\"3502\" data-end=\"3542\">Tai <strong data-start=\"3506\" data-end=\"3523\">koko sivuston<\/strong>, yhdell\u00e4 s\u00e4\u00e4nn\u00f6ll\u00e4<\/p>\n<\/li>\n<\/ul>\n<p data-start=\"3544\" data-end=\"3641\">Kaikki rajoitukset tehd\u00e4\u00e4n palvelinpuolella, joten piilotettu sis\u00e4lt\u00f6 ei p\u00e4\u00e4dy HTML-l\u00e4hdekoodiin.<\/p>\n<hr data-start=\"3643\" data-end=\"3646\" \/>\n<h2 data-start=\"3648\" data-end=\"3693\"><strong data-start=\"3651\" data-end=\"3693\">T\u00e4ydellinen n\u00e4ihin k\u00e4ytt\u00f6tarkoituksiin<\/strong><\/h2>\n<h3 data-start=\"3695\" data-end=\"3740\">\ud83d\udd10 <strong data-start=\"3702\" data-end=\"3738\">1. Intranetit &amp; henkil\u00f6st\u00f6alueet<\/strong><\/h3>\n<p data-start=\"3741\" data-end=\"3774\">Rajaa sis\u00e4iset materiaalit kuten:<\/p>\n<ul data-start=\"3775\" data-end=\"3877\">\n<li data-start=\"3775\" data-end=\"3788\">\n<p data-start=\"3777\" data-end=\"3788\">HR-ohjeet<\/p>\n<\/li>\n<li data-start=\"3789\" data-end=\"3803\">\n<p data-start=\"3791\" data-end=\"3803\">Aikataulut<\/p>\n<\/li>\n<li data-start=\"3804\" data-end=\"3820\">\n<p data-start=\"3806\" data-end=\"3820\">Ohjeistukset<\/p>\n<\/li>\n<li data-start=\"3821\" data-end=\"3844\">\n<p data-start=\"3823\" data-end=\"3844\">Koulutusmateriaalit<\/p>\n<\/li>\n<li data-start=\"3845\" data-end=\"3877\">\n<p data-start=\"3847\" data-end=\"3877\">Luottamukselliset dokumentit<\/p>\n<\/li>\n<\/ul>\n<p data-start=\"3879\" data-end=\"3932\">N\u00e4kyviin vain ty\u00f6ntekij\u00f6ille tai tietyille rooleille.<\/p>\n<h3 data-start=\"3934\" data-end=\"3985\">\ud83e\uddd1\u200d\ud83d\udcbc <strong data-start=\"3944\" data-end=\"3983\">2. Asiakasportaalit &amp; projektisivut<\/strong><\/h3>\n<p data-start=\"3986\" data-end=\"4015\">N\u00e4yt\u00e4 valituille asiakkaille:<\/p>\n<ul data-start=\"4016\" data-end=\"4086\">\n<li data-start=\"4016\" data-end=\"4040\">\n<p data-start=\"4018\" data-end=\"4040\">Projektin eteneminen<\/p>\n<\/li>\n<li data-start=\"4041\" data-end=\"4053\">\n<p data-start=\"4043\" data-end=\"4053\">Raportit<\/p>\n<\/li>\n<li data-start=\"4054\" data-end=\"4071\">\n<p data-start=\"4056\" data-end=\"4071\">Dokumentaatio<\/p>\n<\/li>\n<li data-start=\"4072\" data-end=\"4086\">\n<p data-start=\"4074\" data-end=\"4086\">Aikataulut<\/p>\n<\/li>\n<\/ul>\n<p data-start=\"4088\" data-end=\"4150\">K\u00e4yt\u00e4 allow-listaa antaaksesi p\u00e4\u00e4syn vain halutuille ryhmille.<\/p>\n<h3 data-start=\"4152\" data-end=\"4199\">\ud83c\udf10 <strong data-start=\"4159\" data-end=\"4197\">3. Ekstranetit &amp; kumppaniverkostot<\/strong><\/h3>\n<p data-start=\"4200\" data-end=\"4320\">Jaa tiedostoja tai resursseja yhteisty\u00f6kumppaneille, toimittajille tai alihankkijoille.<br data-start=\"4287\" data-end=\"4290\" \/>IP-poolit sopivat esimerkiksi:<\/p>\n<ul data-start=\"4321\" data-end=\"4402\">\n<li data-start=\"4321\" data-end=\"4347\">\n<p data-start=\"4323\" data-end=\"4347\">Toimiston IP-alueisiin<\/p>\n<\/li>\n<li data-start=\"4348\" data-end=\"4366\">\n<p data-start=\"4350\" data-end=\"4366\">VPN-verkkoihin<\/p>\n<\/li>\n<li data-start=\"4367\" data-end=\"4402\">\n<p data-start=\"4369\" data-end=\"4402\">Aluemaakohtaisiin aliverkkoihin<\/p>\n<\/li>\n<\/ul>\n<h3 data-start=\"4404\" data-end=\"4456\">\ud83c\udfd7\ufe0f <strong data-start=\"4412\" data-end=\"4454\">4. Staging-, testi- ja kehityssivustot<\/strong><\/h3>\n<p data-start=\"4457\" data-end=\"4508\">Suojaa koko sivusto yhdell\u00e4 Global Gate -s\u00e4\u00e4nn\u00f6ll\u00e4:<\/p>\n<ul data-start=\"4509\" data-end=\"4591\">\n<li data-start=\"4509\" data-end=\"4535\">\n<p data-start=\"4511\" data-end=\"4535\">Salli vain tiimin IP:t<\/p>\n<\/li>\n<li data-start=\"4536\" data-end=\"4563\">\n<p data-start=\"4538\" data-end=\"4563\">Salli vain kirjautuneet<\/p>\n<\/li>\n<li data-start=\"4564\" data-end=\"4591\">\n<p data-start=\"4566\" data-end=\"4591\">Est\u00e4 hakukoneiden p\u00e4\u00e4sy<\/p>\n<\/li>\n<\/ul>\n<h3 data-start=\"4593\" data-end=\"4640\">\ud83d\udd12 <strong data-start=\"4600\" data-end=\"4638\">5. J\u00e4senyysis\u00e4ll\u00f6t &amp; premium-osiot<\/strong><\/h3>\n<p data-start=\"4641\" data-end=\"4677\">Kevyt vaihtoehto j\u00e4senyyslis\u00e4osille:<\/p>\n<ul data-start=\"4678\" data-end=\"4801\">\n<li data-start=\"4678\" data-end=\"4702\">\n<p data-start=\"4680\" data-end=\"4702\">Maksulliset sis\u00e4ll\u00f6t<\/p>\n<\/li>\n<li data-start=\"4703\" data-end=\"4731\">\n<p data-start=\"4705\" data-end=\"4731\">Tilaajille n\u00e4kyv\u00e4t sivut<\/p>\n<\/li>\n<li data-start=\"4732\" data-end=\"4762\">\n<p data-start=\"4734\" data-end=\"4762\">Extramateriaalit j\u00e4senille<\/p>\n<\/li>\n<li data-start=\"4763\" data-end=\"4801\">\n<p data-start=\"4765\" data-end=\"4801\">Uutiskirje- tai premium-artikkelit<\/p>\n<\/li>\n<\/ul>\n<h3 data-start=\"4803\" data-end=\"4853\">\ud83d\udee1\ufe0f <strong data-start=\"4811\" data-end=\"4851\">6. Julkisen sivuston suojatut alueet<\/strong><\/h3>\n<p data-start=\"4854\" data-end=\"4880\">Piilota sis\u00e4lt\u00f6 kohteista:<\/p>\n<ul data-start=\"4881\" data-end=\"4980\">\n<li data-start=\"4881\" data-end=\"4896\">\n<p data-start=\"4883\" data-end=\"4896\">Vierailijat<\/p>\n<\/li>\n<li data-start=\"4897\" data-end=\"4911\">\n<p data-start=\"4899\" data-end=\"4911\">Hakukoneet<\/p>\n<\/li>\n<li data-start=\"4912\" data-end=\"4929\">\n<p data-start=\"4914\" data-end=\"4929\">Tietyt roolit<\/p>\n<\/li>\n<li data-start=\"4930\" data-end=\"4980\">\n<p data-start=\"4932\" data-end=\"4980\">Tietyt IP-alueet (esim. v\u00e4\u00e4rink\u00e4yt\u00f6n torjunta)<\/p>\n<\/li>\n<\/ul>\n<h3 data-start=\"4982\" data-end=\"5037\">\ud83d\uddc2\ufe0f <strong data-start=\"4990\" data-end=\"5035\">7. Moniosioiset tai organisoidut sivustot<\/strong><\/h3>\n<p data-start=\"5038\" data-end=\"5091\">Soveltuu sivustoille, joissa on k\u00e4ytt\u00e4j\u00e4ryhmi\u00e4 kuten:<\/p>\n<ul data-start=\"5092\" data-end=\"5164\">\n<li data-start=\"5092\" data-end=\"5103\">\n<p data-start=\"5094\" data-end=\"5103\">Osastot<\/p>\n<\/li>\n<li data-start=\"5104\" data-end=\"5114\">\n<p data-start=\"5106\" data-end=\"5114\">Tiimit<\/p>\n<\/li>\n<li data-start=\"5115\" data-end=\"5132\">\n<p data-start=\"5117\" data-end=\"5132\">B2B-asiakkaat<\/p>\n<\/li>\n<li data-start=\"5133\" data-end=\"5164\">\n<p data-start=\"5135\" data-end=\"5164\">Toimitus- ja julkaisuroolit<\/p>\n<\/li>\n<\/ul>\n<hr data-start=\"5166\" data-end=\"5169\" \/>\n<h2 data-start=\"5171\" data-end=\"5208\"><strong data-start=\"5174\" data-end=\"5208\">Kenelle plugin on tarkoitettu?<\/strong><\/h2>\n<ul data-start=\"5209\" data-end=\"5526\">\n<li data-start=\"5209\" data-end=\"5229\">\n<p data-start=\"5211\" data-end=\"5229\">Digitoimistoille<\/p>\n<\/li>\n<li data-start=\"5230\" data-end=\"5285\">\n<p data-start=\"5232\" data-end=\"5285\">Yrityksille, joilla on sis\u00e4isi\u00e4\/externej\u00e4 k\u00e4ytt\u00e4ji\u00e4<\/p>\n<\/li>\n<li data-start=\"5286\" data-end=\"5336\">\n<p data-start=\"5288\" data-end=\"5336\">Organisaatioille, joilla on intranet-sis\u00e4lt\u00f6j\u00e4<\/p>\n<\/li>\n<li data-start=\"5337\" data-end=\"5383\">\n<p data-start=\"5339\" data-end=\"5383\">Yrityksille, jotka tarvitsevat IP-rajausta<\/p>\n<\/li>\n<li data-start=\"5384\" data-end=\"5449\">\n<p data-start=\"5386\" data-end=\"5449\">Kehitt\u00e4jille, jotka haluavat kevyen mutta tehokkaan ratkaisun<\/p>\n<\/li>\n<li data-start=\"5450\" data-end=\"5526\">\n<p data-start=\"5452\" data-end=\"5526\">Sivustoille, joissa halutaan sis\u00e4lt\u00f6suojausta ilman raskaita j\u00e4senyyksi\u00e4<\/p>\n<\/li>\n<\/ul>\n<hr data-start=\"5528\" data-end=\"5531\" \/>\n<h2 data-start=\"5533\" data-end=\"5550\"><strong data-start=\"5536\" data-end=\"5550\">Lopputulos<\/strong><\/h2>\n<p data-start=\"5551\" data-end=\"5710\">Tarkka, kevyt ja nopea sis\u00e4ll\u00f6n- ja sivustonsuojauskerros, joka istuu saumattomasti WordPressiin \u2014 ilman turhaa monimutkaisuutta ja ilman suorituskykyhaittoja.<\/p>\n","protected":false},"excerpt":{"rendered":"<p data-start=\"660\" data-end=\"1111\"><strong data-start=\"660\" data-end=\"715\">Tehokas sis\u00e4ll\u00f6n- ja sivustonsuojaus WordPressille.<\/strong> Rajoita mink\u00e4 tahansa sivun, artikkelin tai koko sivuston n\u00e4kyvyytt\u00e4 roolien, kirjautumistilan, IP-osoitteiden tai nimettyjen IP-poolien perusteella. Sopii erinomaisesti <strong data-start=\"886\" data-end=\"913\">rajattuihin sis\u00e4lt\u00f6ihin<\/strong>, <strong data-start=\"915\" data-end=\"938\">asiakasportaaleihin<\/strong>, <strong data-start=\"940\" data-end=\"957\">intraneteihin<\/strong>, <strong data-start=\"959\" data-end=\"977\">ekstraneteihin<\/strong>, <strong data-start=\"979\" data-end=\"999\">projektisivuihin<\/strong>, <strong data-start=\"1001\" data-end=\"1023\">j\u00e4senyysis\u00e4lt\u00f6ihin<\/strong>, staging-ymp\u00e4rist\u00f6ihin ja kaikkiin tilanteisiin, joissa tarvitaan kontrolloitua p\u00e4\u00e4sy\u00e4.<\/p>\n<hr data-start=\"1113\" data-end=\"1116\" \/>\n","protected":false},"featured_media":474,"comment_status":"open","ping_status":"closed","template":"","meta":{"_kad_blocks_custom_css":"","_kad_blocks_head_custom_js":"","_kad_blocks_body_custom_js":"","_kad_blocks_footer_custom_js":"","_kad_post_transparent":"default","_kad_post_title":"","_kad_post_layout":"default","_kad_post_sidebar_id":"","_kad_post_content_style":"default","_kad_post_vertical_padding":"default","_kad_post_feature":"","_kad_post_feature_position":"","_kad_post_header":false,"_kad_post_footer":false,"_kad_post_classname":""},"product_brand":[],"product_cat":[27],"product_tag":[],"class_list":{"0":"post-464","1":"product","2":"type-product","3":"status-publish","4":"has-post-thumbnail","6":"product_cat-uncategorized-fi","8":"first","9":"instock","10":"downloadable","11":"virtual","12":"taxable","13":"purchasable","14":"product-type-simple","15":"entry","16":"content-bg","17":"loop-entry"},"taxonomy_info":{"product_cat":[{"value":27,"label":"WordPress-pluginit @fi"}]},"featured_image_src_large":["https:\/\/plugins.lieska.net\/wp-content\/uploads\/2025\/11\/ChatGPT-Image-29.-marrask.-2025-klo-13.21.59.png",1024,1024,false],"author_info":[],"comment_info":0,"_links":{"self":[{"href":"https:\/\/plugins.lieska.net\/fi\/wp-json\/wp\/v2\/product\/464","targetHints":{"allow":["GET"]}}],"collection":[{"href":"https:\/\/plugins.lieska.net\/fi\/wp-json\/wp\/v2\/product"}],"about":[{"href":"https:\/\/plugins.lieska.net\/fi\/wp-json\/wp\/v2\/types\/product"}],"replies":[{"embeddable":true,"href":"https:\/\/plugins.lieska.net\/fi\/wp-json\/wp\/v2\/comments?post=464"}],"wp:featuredmedia":[{"embeddable":true,"href":"https:\/\/plugins.lieska.net\/fi\/wp-json\/wp\/v2\/media\/474"}],"wp:attachment":[{"href":"https:\/\/plugins.lieska.net\/fi\/wp-json\/wp\/v2\/media?parent=464"}],"wp:term":[{"taxonomy":"product_brand","embeddable":true,"href":"https:\/\/plugins.lieska.net\/fi\/wp-json\/wp\/v2\/product_brand?post=464"},{"taxonomy":"product_cat","embeddable":true,"href":"https:\/\/plugins.lieska.net\/fi\/wp-json\/wp\/v2\/product_cat?post=464"},{"taxonomy":"product_tag","embeddable":true,"href":"https:\/\/plugins.lieska.net\/fi\/wp-json\/wp\/v2\/product_tag?post=464"}],"curies":[{"name":"wp","href":"https:\/\/api.w.org\/{rel}","templated":true}]}}