{"id":469,"date":"2025-11-29T12:39:23","date_gmt":"2025-11-29T10:39:23","guid":{"rendered":"https:\/\/plugins.lieska.net\/?post_type=product&#038;p=469"},"modified":"2026-02-10T06:12:12","modified_gmt":"2026-02-10T04:12:12","slug":"__trashed","status":"publish","type":"product","link":"https:\/\/plugins.lieska.net\/fi\/tuote\/__trashed\/","title":{"rendered":"Sis\u00e4ll\u00f6n rajaus roolin\/IP:n perusteella &#8211; Role\/IP Restrict (Copy)"},"content":{"rendered":"<h3 data-start=\"697\" data-end=\"763\"><strong data-start=\"701\" data-end=\"763\">Slide Panel \u2013 moniv\u00e4lilehtiset liukupaneelit WordPressille<\/strong><\/h3>\n<p data-start=\"765\" data-end=\"1101\">Slide Panel on helppok\u00e4ytt\u00f6inen mutta tehokas WordPress-lis\u00e4osa, jonka avulla voit luoda n\u00e4ytt\u00e4vi\u00e4 liukupaneeleita eri puolille sivustoa. Paneeli voi sis\u00e4lt\u00e4\u00e4 rajattomasti v\u00e4lilehti\u00e4, joille voit m\u00e4\u00e4ritt\u00e4\u00e4 omat ikonit, v\u00e4rit, linkit ja sis\u00e4ll\u00f6t. Jokainen v\u00e4lilehti voi avata paneelin tai toimia linkkin\u00e4 ulkoiseen tai sis\u00e4iseen URL:iin.<\/p>\n<p data-start=\"1103\" data-end=\"1358\">Liukuva paneeli sopii erinomaisesti mm. yhteystietopaneeleiksi, pika\u00advalikoiksi, chat-painikkeiksi, lomakealueiksi, ilmoituksiksi, ty\u00f6kaluvalikoiksi tai muuksi vapaavalintaiseksi sis\u00e4ll\u00f6ksi. K\u00e4ytt\u00f6liittym\u00e4 on moderni, selke\u00e4 ja toimii kaikilla laitteilla.<\/p>\n<hr data-start=\"1360\" data-end=\"1363\" \/>\n<h2 data-start=\"1365\" data-end=\"1384\"><strong data-start=\"1368\" data-end=\"1384\">Ominaisuudet<\/strong><\/h2>\n<h3 data-start=\"1386\" data-end=\"1423\">\ud83d\udd27 Paneelin ulkoasu ja toiminta<\/h3>\n<ul data-start=\"1424\" data-end=\"1697\">\n<li data-start=\"1424\" data-end=\"1473\">\n<p data-start=\"1426\" data-end=\"1473\">Paneelin sijainti: <strong data-start=\"1445\" data-end=\"1471\">vasen, oikea, yl\u00e4, ala<\/strong><\/p>\n<\/li>\n<li data-start=\"1474\" data-end=\"1567\">\n<p data-start=\"1476\" data-end=\"1490\">Paneelin koko:<\/p>\n<ul data-start=\"1493\" data-end=\"1567\">\n<li data-start=\"1493\" data-end=\"1508\">\n<p data-start=\"1495\" data-end=\"1508\">Automaattinen<\/p>\n<\/li>\n<li data-start=\"1511\" data-end=\"1536\">\n<p data-start=\"1513\" data-end=\"1536\">Mukautetut pikselimitat<\/p>\n<\/li>\n<li data-start=\"1539\" data-end=\"1567\">\n<p data-start=\"1541\" data-end=\"1567\">100 % leveys tai korkeus<\/p>\n<\/li>\n<\/ul>\n<\/li>\n<li data-start=\"1568\" data-end=\"1616\">\n<p data-start=\"1570\" data-end=\"1616\">Paneelin taustav\u00e4ri ja tekstin\/ikonien v\u00e4rit<\/p>\n<\/li>\n<li data-start=\"1617\" data-end=\"1660\">\n<p data-start=\"1619\" data-end=\"1660\">Overlay-tummennuksen voimakkuus (0\u20130.5)<\/p>\n<\/li>\n<li data-start=\"1661\" data-end=\"1697\">\n<p data-start=\"1663\" data-end=\"1697\">V\u00e4lilehtien leveys ja ikonien koko<\/p>\n<\/li>\n<\/ul>\n<h3 data-start=\"1699\" data-end=\"1718\">\ud83d\uddc2 V\u00e4lilehdet<\/h3>\n<ul data-start=\"1719\" data-end=\"1977\">\n<li data-start=\"1719\" data-end=\"1751\">\n<p data-start=\"1721\" data-end=\"1751\"><strong data-start=\"1721\" data-end=\"1749\">Rajaton m\u00e4\u00e4r\u00e4 v\u00e4lilehti\u00e4<\/strong><\/p>\n<\/li>\n<li data-start=\"1752\" data-end=\"1789\">\n<p data-start=\"1754\" data-end=\"1789\">Dashicons-pohjainen ikonivalitsin<\/p>\n<\/li>\n<li data-start=\"1790\" data-end=\"1839\">\n<p data-start=\"1792\" data-end=\"1839\">V\u00e4lilehtikohtaiset taustav\u00e4rit ja tekstiv\u00e4rit<\/p>\n<\/li>\n<li data-start=\"1840\" data-end=\"1880\">\n<p data-start=\"1842\" data-end=\"1880\">V\u00e4lilehtikohtainen ikonien kokos\u00e4\u00e4t\u00f6<\/p>\n<\/li>\n<li data-start=\"1881\" data-end=\"1977\">\n<p data-start=\"1883\" data-end=\"1903\">V\u00e4lilehden toiminto:<\/p>\n<ul data-start=\"1906\" data-end=\"1977\">\n<li data-start=\"1906\" data-end=\"1929\">\n<p data-start=\"1908\" data-end=\"1929\">Avaa paneelin sis\u00e4lt\u00f6<\/p>\n<\/li>\n<li data-start=\"1932\" data-end=\"1977\">\n<p data-start=\"1934\" data-end=\"1977\">Avaa URL (samassa tai uudessa v\u00e4lilehdess\u00e4)<\/p>\n<\/li>\n<\/ul>\n<\/li>\n<\/ul>\n<h3 data-start=\"1979\" data-end=\"2002\">\ud83d\udcdd Sis\u00e4lt\u00f6l\u00e4hteet<\/h3>\n<p data-start=\"2003\" data-end=\"2042\">Jokaisen v\u00e4lilehden sis\u00e4lt\u00f6 voi olla:<\/p>\n<ul data-start=\"2043\" data-end=\"2130\">\n<li data-start=\"2043\" data-end=\"2058\">\n<p data-start=\"2045\" data-end=\"2058\">Inline-HTML<\/p>\n<\/li>\n<li data-start=\"2059\" data-end=\"2130\">\n<p data-start=\"2061\" data-end=\"2130\">WordPress-sis\u00e4lt\u00f6 (post, page tai Slide Panel Content -sis\u00e4lt\u00f6tyyppi)<\/p>\n<\/li>\n<\/ul>\n<p data-start=\"2132\" data-end=\"2189\">Sis\u00e4lt\u00f6 tukee Gutenberg-lohkoja ja mukautettua muotoilua.<\/p>\n<h3 data-start=\"2191\" data-end=\"2228\">\ud83e\udde9 Ammattitason toiminnallisuus<\/h3>\n<ul data-start=\"2229\" data-end=\"2540\">\n<li data-start=\"2229\" data-end=\"2317\">\n<p data-start=\"2231\" data-end=\"2280\">Lyhytkoodi paneelin upottamiseen mihin tahansa:<\/p>\n<div class=\"contain-inline-size rounded-2xl relative bg-token-sidebar-surface-primary\">\n<div class=\"sticky top-9\">\n<div class=\"absolute end-0 bottom-0 flex h-9 items-center pe-2\">\n<div class=\"bg-token-bg-elevated-secondary text-token-text-secondary flex items-center gap-4 rounded-sm px-2 font-sans text-xs\"><\/div>\n<\/div>\n<\/div>\n<div class=\"overflow-y-auto p-4\" dir=\"ltr\"><code class=\"whitespace-pre!\">[slide_panel <span class=\"hljs-built_in\">id<\/span>=<span class=\"hljs-string\">\"123\"<\/span>]<br \/>\n<\/code><\/div>\n<\/div>\n<\/li>\n<li data-start=\"2318\" data-end=\"2388\">\n<p data-start=\"2320\" data-end=\"2346\">Kaksi omaa sis\u00e4lt\u00f6tyyppi\u00e4:<\/p>\n<ul data-start=\"2349\" data-end=\"2388\">\n<li data-start=\"2349\" data-end=\"2362\">\n<p data-start=\"2351\" data-end=\"2362\">Slide Panel<\/p>\n<\/li>\n<li data-start=\"2365\" data-end=\"2388\">\n<p data-start=\"2367\" data-end=\"2388\">Slide Panel Content<\/p>\n<\/li>\n<\/ul>\n<\/li>\n<li data-start=\"2389\" data-end=\"2428\">\n<p data-start=\"2391\" data-end=\"2428\">V\u00e4lilehtien drag &amp; drop -j\u00e4rjestely<\/p>\n<\/li>\n<li data-start=\"2429\" data-end=\"2498\">\n<p data-start=\"2431\" data-end=\"2498\">Sis\u00e4\u00e4nrakennettu lisenssij\u00e4rjestelm\u00e4 ja automaattiset p\u00e4ivitykset<\/p>\n<\/li>\n<li data-start=\"2499\" data-end=\"2540\">\n<p data-start=\"2501\" data-end=\"2540\">Kevyt ja nopea \u2013 ei ulkoisia kirjastoja<\/p>\n<\/li>\n<\/ul>\n<hr data-start=\"2542\" data-end=\"2545\" \/>\n<h2 data-start=\"2547\" data-end=\"2580\"><strong data-start=\"2550\" data-end=\"2580\">Kenelle Slide Panel sopii?<\/strong><\/h2>\n<p data-start=\"2582\" data-end=\"2616\">Erinomainen valinta seuraaville:<\/p>\n<ul data-start=\"2617\" data-end=\"2857\">\n<li data-start=\"2617\" data-end=\"2648\">\n<p data-start=\"2619\" data-end=\"2648\">Yrityssivut ja palvelusivut<\/p>\n<\/li>\n<li data-start=\"2649\" data-end=\"2684\">\n<p data-start=\"2651\" data-end=\"2684\">Toimisto- ja intranet-ratkaisut<\/p>\n<\/li>\n<li data-start=\"2685\" data-end=\"2713\">\n<p data-start=\"2687\" data-end=\"2713\">Portaalit ja j\u00e4senalueet<\/p>\n<\/li>\n<li data-start=\"2714\" data-end=\"2746\">\n<p data-start=\"2716\" data-end=\"2746\">Verkkokaupat ja aloitussivut<\/p>\n<\/li>\n<li data-start=\"2747\" data-end=\"2779\">\n<p data-start=\"2749\" data-end=\"2779\">Dokumentaatio- tai ohjesivut<\/p>\n<\/li>\n<li data-start=\"2780\" data-end=\"2857\">\n<p data-start=\"2782\" data-end=\"2857\">Sivustot, jotka haluavat kompaktin, modernin sivupalkin tai ty\u00f6kalupalkin<\/p>\n<\/li>\n<\/ul>\n<hr data-start=\"2859\" data-end=\"2862\" \/>\n<h2 data-start=\"2864\" data-end=\"2877\"><strong data-start=\"2867\" data-end=\"2877\">Hy\u00f6dyt<\/strong><\/h2>\n<ul data-start=\"2879\" data-end=\"3202\">\n<li data-start=\"2879\" data-end=\"2923\">\n<p data-start=\"2881\" data-end=\"2923\">Parantaa k\u00e4ytett\u00e4vyytt\u00e4 ja s\u00e4\u00e4st\u00e4\u00e4 tilaa<\/p>\n<\/li>\n<li data-start=\"2924\" data-end=\"2956\">\n<p data-start=\"2926\" data-end=\"2956\">Moderni ja tyylik\u00e4s toteutus<\/p>\n<\/li>\n<li data-start=\"2957\" data-end=\"3006\">\n<p data-start=\"2959\" data-end=\"3006\">Toimii saumattomasti kaikkien teemojen kanssa<\/p>\n<\/li>\n<li data-start=\"3007\" data-end=\"3067\">\n<p data-start=\"3009\" data-end=\"3067\">S\u00e4\u00e4st\u00e4\u00e4 aikaa \u2014 ei koodia, ei rakennusty\u00f6kaluvaatimuksia<\/p>\n<\/li>\n<li data-start=\"3068\" data-end=\"3127\">\n<p data-start=\"3070\" data-end=\"3127\">Editorit ja yll\u00e4pit\u00e4j\u00e4t voivat lis\u00e4t\u00e4 sis\u00e4lt\u00f6\u00e4 helposti<\/p>\n<\/li>\n<li data-start=\"3128\" data-end=\"3162\">\n<p data-start=\"3130\" data-end=\"3162\">Nopea ja kevyt my\u00f6s mobiilissa<\/p>\n<\/li>\n<li data-start=\"3163\" data-end=\"3202\">\n<p data-start=\"3165\" data-end=\"3202\">Selke\u00e4t asetukset ja muokkausn\u00e4kym\u00e4<\/p>\n<\/li>\n<\/ul>\n","protected":false},"excerpt":{"rendered":"<p>Slide Panel lis\u00e4\u00e4 sivustollesi moniv\u00e4lilehtiset, t\u00e4ysin muokattavat liukupaneelit. Sijoita paneeli mihin tahansa reunaan, lis\u00e4\u00e4 v\u00e4lilehti-ikoneita, linkkej\u00e4 tai WP-sis\u00e4lt\u00f6\u00e4 ja luo moderneja, tilaa s\u00e4\u00e4st\u00e4vi\u00e4 k\u00e4ytt\u00f6liittym\u00e4elementtej\u00e4 ilman koodausta.<\/p>\n","protected":false},"featured_media":472,"comment_status":"open","ping_status":"closed","template":"","meta":{"_kad_blocks_custom_css":"","_kad_blocks_head_custom_js":"","_kad_blocks_body_custom_js":"","_kad_blocks_footer_custom_js":"","_kad_post_transparent":"default","_kad_post_title":"","_kad_post_layout":"default","_kad_post_sidebar_id":"","_kad_post_content_style":"default","_kad_post_vertical_padding":"default","_kad_post_feature":"","_kad_post_feature_position":"","_kad_post_header":false,"_kad_post_footer":false,"_kad_post_classname":""},"product_brand":[],"product_cat":[27],"product_tag":[],"class_list":{"0":"post-469","1":"product","2":"type-product","3":"status-publish","4":"has-post-thumbnail","6":"product_cat-uncategorized-fi","8":"first","9":"instock","10":"downloadable","11":"virtual","12":"taxable","13":"purchasable","14":"product-type-simple","15":"entry","16":"content-bg","17":"loop-entry"},"taxonomy_info":{"product_cat":[{"value":27,"label":"WordPress-pluginit @fi"}]},"featured_image_src_large":["https:\/\/plugins.lieska.net\/wp-content\/uploads\/2025\/11\/ChatGPT-Image-29.-marrask.-2025-klo-13.17.53.png",1024,1024,false],"author_info":[],"comment_info":0,"_links":{"self":[{"href":"https:\/\/plugins.lieska.net\/fi\/wp-json\/wp\/v2\/product\/469","targetHints":{"allow":["GET"]}}],"collection":[{"href":"https:\/\/plugins.lieska.net\/fi\/wp-json\/wp\/v2\/product"}],"about":[{"href":"https:\/\/plugins.lieska.net\/fi\/wp-json\/wp\/v2\/types\/product"}],"replies":[{"embeddable":true,"href":"https:\/\/plugins.lieska.net\/fi\/wp-json\/wp\/v2\/comments?post=469"}],"wp:featuredmedia":[{"embeddable":true,"href":"https:\/\/plugins.lieska.net\/fi\/wp-json\/wp\/v2\/media\/472"}],"wp:attachment":[{"href":"https:\/\/plugins.lieska.net\/fi\/wp-json\/wp\/v2\/media?parent=469"}],"wp:term":[{"taxonomy":"product_brand","embeddable":true,"href":"https:\/\/plugins.lieska.net\/fi\/wp-json\/wp\/v2\/product_brand?post=469"},{"taxonomy":"product_cat","embeddable":true,"href":"https:\/\/plugins.lieska.net\/fi\/wp-json\/wp\/v2\/product_cat?post=469"},{"taxonomy":"product_tag","embeddable":true,"href":"https:\/\/plugins.lieska.net\/fi\/wp-json\/wp\/v2\/product_tag?post=469"}],"curies":[{"name":"wp","href":"https:\/\/api.w.org\/{rel}","templated":true}]}}